{"id":3954,"date":"2013-11-18T17:59:22","date_gmt":"2013-11-18T17:59:22","guid":{"rendered":"http:\/\/protecciondebalcones.com\/site\/?page_id=3954"},"modified":"2020-07-29T20:28:05","modified_gmt":"2020-07-29T23:28:05","slug":"donde-encontrar-nuestros-productos","status":"publish","type":"page","link":"https:\/\/www.protecciondebalcones.com\/site\/donde-encontrar-nuestros-productos\/","title":{"rendered":"Comprar"},"content":{"rendered":"<div class=\"fusion-fullwidth fullwidth-box fusion-builder-row-1 hundred-percent-fullwidth non-hundred-percent-height-scrolling\" style=\"background-color: rgba(255,255,255,0);background-position: center center;background-repeat: no-repeat;padding-top:0px;padding-right:0px;padding-bottom:0px;padding-left:0px;margin-bottom: 0px;margin-top: 0px;border-width: 0px 0px 0px 0px;border-color:#eae9e9;border-style:solid;\" ><div class=\"fusion-builder-row fusion-row\"><div class=\"fusion-layout-column fusion_builder_column fusion-builder-column-0 fusion_builder_column_1_2 1_2 fusion-one-half fusion-column-first\" style=\"width:50%;width:calc(50% - ( ( 4% ) * 0.5 ) );margin-right: 4%;margin-top:0px;margin-bottom:20px;\"><div class=\"fusion-column-wrapper fusion-flex-column-wrapper-legacy\" style=\"background-position:left top;background-repeat:no-repeat;-webkit-background-size:cover;-moz-background-size:cover;-o-background-size:cover;background-size:cover;padding: 0px 0px 0px 0px;\">\n<p><b>Kit autoinstalable:<br \/>\n<\/b>Realizamos env\u00edos al interior y contamos con distintos Puntos de venta.<\/p>\n<div class=\"fusion-sep-clear\"><\/div><div class=\"fusion-separator fusion-full-width-sep\" style=\"margin-left: auto;margin-right: auto;width:100%;\"><div class=\"fusion-separator-border sep-single\" style=\"border-color:#ffa200;border-top-width:1px;\"><\/div><\/div><div class=\"fusion-sep-clear\"><\/div>\n<h3 style=\"text-align: justify;\"><span style=\"color: #017cc2;\">Venta a comercios mayoristas e instaladores<br \/>\n<span style=\"color: #000000;\">Puede comunicarse al (54-11) 3532-4880 y l\u00edneas rotativas \u00f3 escribirnos a info@protecciondebalcones.com<\/span><\/span><\/h3>\n<div class=\"fusion-sep-clear\"><\/div><div class=\"fusion-separator fusion-full-width-sep\" style=\"margin-left: auto;margin-right: auto;margin-top:20px;margin-bottom:20px;width:100%;\"><div class=\"fusion-separator-border sep-double\" style=\"border-color:#ffa200;border-top-width:1px;border-bottom-width:1px;\"><\/div><\/div><div class=\"fusion-sep-clear\"><\/div>\n<p>Asesoramiento t\u00e9cnico permanente.<\/p>\n<p style=\"text-align: justify;\">Tambi\u00e9n pod\u00e9s encontrarnos en <a href=\"https:\/\/es-la.facebook.com\/pages\/Limite-Vertical-Proteccion-para-ni%C3%B1os-mascotas-y-adultos-mayores\/147237445355569\" target=\"_blank\" rel=\"noopener noreferrer\">Facebook<\/a> L\u00edmite Vertical.<\/p>\n<p style=\"text-align: center;\"><strong><a href=\"http:\/\/protecciondebalcones.com\/site\/?page_id=3943\">SOLICITE COTIZACI\u00d3N<\/a><\/strong><div class=\"fusion-clearfix\"><\/div><\/div><\/div>\n<div class=\"fusion-layout-column fusion_builder_column fusion-builder-column-1 fusion_builder_column_1_2 1_2 fusion-one-half fusion-column-last\" style=\"width:50%;width:calc(50% - ( ( 4% ) * 0.5 ) );margin-top:0px;margin-bottom:20px;\"><div class=\"fusion-column-wrapper fusion-flex-column-wrapper-legacy\" style=\"background-position:left top;background-repeat:no-repeat;-webkit-background-size:cover;-moz-background-size:cover;-o-background-size:cover;background-size:cover;padding: 0px 0px 0px 0px;\">\n<style type=\"text\/css\">#accordion-3954-1 .fusion-panel:hover{ border-color: #ffa200 } #accordion-3954-1 .fusion-panel { border-color:#ffa200; }.fusion-accordian  #accordion-3954-1 .panel-title a .fa-fusion-box{ color: #ffffff;}.fusion-accordian  #accordion-3954-1 .panel-title a .fa-fusion-box:before{ font-size: 16px; width: 16px;}.fusion-accordian  #accordion-3954-1 .panel-title a{font-size:16px;color:#333333;font-family:'Trebuchet MS', Helvetica, sans-serif;font-weight:400;}.fusion-accordian  #accordion-3954-1 .toggle-content{font-size:15px;color:#3e3061;font-family:'Trebuchet MS', Helvetica, sans-serif;font-weight:400;}.fusion-accordian  #accordion-3954-1 .fa-fusion-box { background-color: #333333;border-color: #333333;}.fusion-accordian  #accordion-3954-1 .panel-title a:not(.active):hover, #accordion-3954-1 .fusion-toggle-boxed-mode:hover .panel-title a { color: #ffa200;}.fusion-accordian  #accordion-3954-1 .panel-title .active .fa-fusion-box,.fusion-accordian  #accordion-3954-1 .panel-title a:not(.active):hover .fa-fusion-box { background-color: #ffa200!important;border-color: #ffa200!important;}<\/style><div class=\"accordian fusion-accordian\"><div class=\"panel-group\" id=\"accordion-3954-1\">\n<style type=\"text\/css\">.fusion-accordian  #accordion-3954-1 .panel-17e0005699c5b6ced .panel-title a{}.fusion-accordian  #accordion-3954-1 .panel-17e0005699c5b6ced .toggle-content{}<\/style><div class=\"fusion-panel panel-default panel-17e0005699c5b6ced\"><div class=\"panel-heading\"><h4 class=\"panel-title toggle\" id=\"toggle_17e0005699c5b6ced\"><a aria-expanded=\"false\" aria-controls=\"17e0005699c5b6ced\" role=\"button\" data-toggle=\"collapse\" data-parent=\"#accordion-3954-1\" data-target=\"#17e0005699c5b6ced\" href=\"#17e0005699c5b6ced\"><span class=\"fusion-toggle-icon-wrapper\" aria-hidden=\"true\"><i class=\"fa-fusion-box active-icon awb-icon-minus\" aria-hidden=\"true\"><\/i><i class=\"fa-fusion-box inactive-icon awb-icon-plus\" aria-hidden=\"true\"><\/i><\/span><span class=\"fusion-toggle-heading\">CABA<\/span><\/a><\/h4><\/div><div id=\"17e0005699c5b6ced\" class=\"panel-collapse collapse \" araia-labelledby=\"toggle_17e0005699c5b6ced\"><div class=\"panel-body toggle-content fusion-clearfix\">\n<p><b>Casa San Juan<br \/>\n<\/b>San Juan 574<br \/>\n011 4361-1635 &#8211; <a href=\"mailto:info@casasanjuan.com.ar\">info@casasanjuan.com.ar<\/a><\/p>\n<p><b>Edufer<br \/>\n<\/b>Venezuela 575<br \/>\n011 4342-9110 &#8211; <a href=\"mailto:compras@edufer.com.ar\">compras@edufer.com.ar<\/a><\/p>\n<p><b>Ferreter\u00eda Industrial<\/b><b> Fuentes Hnos.<br \/>\n<\/b>Av. Constituyentes 3507<br \/>\n011 4571-9274 &#8211; <a href=\"mailto:pablo@ferreteriafuentes.com.ar\">pablo@ferreteriafuentes.com.ar<\/a><\/p>\n<p><b>Ferreter\u00eda C\u00f3rdoba<br \/>\n<\/b>Av. C\u00f3rdoba 1770, casi Callao<br \/>\n011 4812-6052<\/p>\n<p><b><b>Ferreter\u00eda Patricios<br \/>\n<\/b><\/b>Av. Caseros 2664<br \/>\n011 4942-1526 &#8211; <a href=\"mailto:ferreteriapatricios@gmail.com\">ferreteriapatricios@gmail.com<\/a><\/p>\n<p><strong>Ferreter\u00eda El Trebol<\/strong><br \/>\nValent\u00edn G\u00f3mez 3041<br \/>\n011 4861-6349<\/p>\n<p><b>Easy Palermo<br \/>\n<\/b><strong>* solo Instalaci\u00f3n Premium<\/strong> (Sector Ventas Especiales)<b><br \/>\n<\/b>Bullrich y Cervi\u00f1o<\/p>\n<p><b>Easy Caballito<br \/>\n* solo Instalaci\u00f3n Premium<\/b> (Sector Ventas Especiales)<b><br \/>\n<\/b>Avenida Rivadavia 5751, entre Espinosa y Paysand\u00fa &#8211; Caballito<br \/>\n011 4106-0200<\/p>\n<p><b>Easy Almagro<br \/>\n* solo Instalaci\u00f3n Premium <\/b>(Sector Ventas Especiales)<b><br \/>\n<\/b>Av. Rivadavia 3666<br \/>\n011 4118-9800<\/p>\n<p><b>Easy Constituyentes<br \/>\n* solo Instalaci\u00f3n Premium <\/b>(Sector Ventas Especiales)<b><br \/>\n<\/b>Avenida de los Constituyentes 6020<br \/>\n011 4469-7200<\/p>\n<p><b>Easy Velez<br \/>\n* solo Instalaci\u00f3n Premium <\/b>(Sector Ventas Especiales)<b><br \/>\n<\/b>Av. Alvarez Jonte 6211<br \/>\n0810-999-3279<\/p>\n<p><b>Easy Barracas<\/b><b><br \/>\n* solo Instalaci\u00f3n Premium <\/b>(Sector Ventas Especiales)<b><br \/>\n<\/b>Herrera 803 &#8211; Barracas<br \/>\n011 5300-8400<\/p>\n<p><b>Easy Warnes<br \/>\n* solo Instalaci\u00f3n Premium <\/b>(Sector Ventas Especiales)<b><br \/>\n<\/b>Av. Warnes 2702<br \/>\n0810-999-3279<\/p>\n<p><strong>Easy Escalada<\/strong><b><br \/>\n* solo Instalaci\u00f3n Premium <\/b>(Sector Ventas Especiales)<b><br \/>\n<\/b>Av. Fernandez de la Cruz 4602 &#8211; Escalada &#8211; Parque Brown Factory Outlet<br \/>\n011 4630-4300<\/p>\n<\/div><\/div><\/div>\n<style type=\"text\/css\">.fusion-accordian  #accordion-3954-1 .panel-3c627f6fd3072708d .panel-title a{}.fusion-accordian  #accordion-3954-1 .panel-3c627f6fd3072708d .toggle-content{}<\/style><div class=\"fusion-panel panel-default panel-3c627f6fd3072708d\"><div class=\"panel-heading\"><h4 class=\"panel-title toggle\" id=\"toggle_3c627f6fd3072708d\"><a aria-expanded=\"false\" aria-controls=\"3c627f6fd3072708d\" role=\"button\" data-toggle=\"collapse\" data-parent=\"#accordion-3954-1\" data-target=\"#3c627f6fd3072708d\" href=\"#3c627f6fd3072708d\"><span class=\"fusion-toggle-icon-wrapper\" aria-hidden=\"true\"><i class=\"fa-fusion-box active-icon awb-icon-minus\" aria-hidden=\"true\"><\/i><i class=\"fa-fusion-box inactive-icon awb-icon-plus\" aria-hidden=\"true\"><\/i><\/span><span class=\"fusion-toggle-heading\">GBA ZONA SUR<\/span><\/a><\/h4><\/div><div id=\"3c627f6fd3072708d\" class=\"panel-collapse collapse \" araia-labelledby=\"toggle_3c627f6fd3072708d\"><div class=\"panel-body toggle-content fusion-clearfix\">\n<p><strong>Easy Alto Avellaneda<\/strong><b><br \/>\n* solo Instalaci\u00f3n Premium <\/b>(Sector Ventas Especiales)<b><br \/>\n<\/b>Av. guemes y Berisso &#8211; Avellaneda<br \/>\n011 4229-2200<\/p>\n<p><strong>Easy Avellaneda<\/strong><b><br \/>\n* solo Instalaci\u00f3n Premium <\/b>(Sector Ventas Especiales)<b><br \/>\n<\/b>Autopista Bs. As. &#8211; La Plata km.9 Sarand\u00ed &#8211; Avellaneda<br \/>\n011 4229-1116<\/p>\n<p><strong>Easy Quilmes<\/strong><b><br \/>\n* solo Instalaci\u00f3n Premium <\/b>(Sector Ventas Especiales)<b><br \/>\n<\/b>Av. Calchaqu\u00ed 3950 &#8211; Quilmes &#8211; Quilmes Factory<br \/>\n011 4229-4100<\/p>\n<p><strong>Easy Canning<\/strong><b><br \/>\n* solo Instalaci\u00f3n Premium <\/b>(Sector Ventas Especiales)<b><br \/>\n<\/b>Avenida Pedro Dreyer 4670 &#8211; Canning<br \/>\n011 4367-6237<\/p>\n<p><strong>Easy Lomas de Zamora<\/strong><b><br \/>\n* solo Instalaci\u00f3n Premium <\/b>(Sector Ventas Especiales)<b><br \/>\n<\/b>Av. Ant\u00e1rtida Argentina 799 &#8211; Lomas de Zamora &#8211; Portal Lomas<br \/>\n011 4239-8615<\/p>\n<\/div><\/div><\/div>\n<style type=\"text\/css\">.fusion-accordian  #accordion-3954-1 .panel-2f8aeb49f9ed6e6ac .panel-title a{}.fusion-accordian  #accordion-3954-1 .panel-2f8aeb49f9ed6e6ac .toggle-content{}<\/style><div class=\"fusion-panel panel-default panel-2f8aeb49f9ed6e6ac\"><div class=\"panel-heading\"><h4 class=\"panel-title toggle\" id=\"toggle_2f8aeb49f9ed6e6ac\"><a aria-expanded=\"false\" aria-controls=\"2f8aeb49f9ed6e6ac\" role=\"button\" data-toggle=\"collapse\" data-parent=\"#accordion-3954-1\" data-target=\"#2f8aeb49f9ed6e6ac\" href=\"#2f8aeb49f9ed6e6ac\"><span class=\"fusion-toggle-icon-wrapper\" aria-hidden=\"true\"><i class=\"fa-fusion-box active-icon awb-icon-minus\" aria-hidden=\"true\"><\/i><i class=\"fa-fusion-box inactive-icon awb-icon-plus\" aria-hidden=\"true\"><\/i><\/span><span class=\"fusion-toggle-heading\">GBA ZONA NORTE<\/span><\/a><\/h4><\/div><div id=\"2f8aeb49f9ed6e6ac\" class=\"panel-collapse collapse \" araia-labelledby=\"toggle_2f8aeb49f9ed6e6ac\"><div class=\"panel-body toggle-content fusion-clearfix\">\n<p><b>Ferreter\u00eda FERCO<\/b><b><br \/>\n<\/b>Av. Hip\u00f3lito Yrigoyen 279 &#8211; Mart\u00ednez &#8211; Buenos Aires<\/p>\n<p><b>Easy San Isidro<br \/>\n* solo Instalaci\u00f3n Premium <\/b>(Sector Ventas Especiales)<b><br \/>\n<\/b>Av. Fondo de la Legua 2513 &#8211; Villa Adelina &#8211; San Isidro<br \/>\n011 4735-5716<\/p>\n<p><b>Easy Pilar<br \/>\n* solo Instalaci\u00f3n Premium <\/b>(Sector Ventas Especiales)<b><br \/>\n<\/b>Las Magnolias 698 &#8211; Pilar &#8211; Las Palmas del Pilar<br \/>\n02322-474087<\/p>\n<p><b>Easy Escobar<br \/>\n* solo Instalaci\u00f3n Premium <\/b>(Sector Ventas Especiales)<b><br \/>\n<\/b>Panamericana y Ruta 25 &#8211; Escobar &#8211; Portal Escobar<br \/>\n03488-436170 \/ 03488-436186<\/p>\n<p><b>Easy Don Torcuato<br \/>\n* solo Instalaci\u00f3n Premium <\/b>(Sector Ventas Especiales)<b><br \/>\n<\/b>Ruta Panamericana Km.25.5 &#8211; Don Torcuato<br \/>\n011 4846-4300 \/ 4846-4301<\/p>\n<p><b>Easy Jos\u00e9 C. Paz<br \/>\n* solo Instalaci\u00f3n Premium <\/b>(Sector Ventas Especiales)<b><br \/>\n<\/b>Ruta 8 y Ruta 197 &#8211; Jos\u00e9 C. Paz<br \/>\n0810-999-3279<\/p>\n<p><b>Easy San Mart\u00edn<br \/>\n* solo Instalaci\u00f3n Premium <\/b>(Sector Ventas Especiales)<b><br \/>\n<\/b>San Lorenzo 3773 &#8211; San Martin &#8211; San Martin Factory<br \/>\n011 5789-1717 \/ 5789-1716<\/p>\n<p><b>Easy San Miguel<br \/>\n* solo Instalaci\u00f3n Premium <\/b>(Sector Ventas Especiales)<b><br \/>\n<\/b>Ricardo Balb\u00edn 2667 &#8211; San Miguel<br \/>\n0810-999-3279<\/p>\n<p><b>Sodimac<br \/>\n<\/b>Vicente L\u00f3pez , instalaci\u00f3n L\u00ednea B\u00e1sica, Premium, Kits para autoinstalaci\u00f3n.<br \/>\nAvenida del Libertador 77 (y General Paz), Partido de Vicente L\u00f3pez &#8211; Pcia de Buenos Aires<\/p>\n<\/div><\/div><\/div>\n<style type=\"text\/css\">.fusion-accordian  #accordion-3954-1 .panel-64498ad6364247445 .panel-title a{}.fusion-accordian  #accordion-3954-1 .panel-64498ad6364247445 .toggle-content{}<\/style><div class=\"fusion-panel panel-default panel-64498ad6364247445\"><div class=\"panel-heading\"><h4 class=\"panel-title toggle\" id=\"toggle_64498ad6364247445\"><a aria-expanded=\"false\" aria-controls=\"64498ad6364247445\" role=\"button\" data-toggle=\"collapse\" data-parent=\"#accordion-3954-1\" data-target=\"#64498ad6364247445\" href=\"#64498ad6364247445\"><span class=\"fusion-toggle-icon-wrapper\" aria-hidden=\"true\"><i class=\"fa-fusion-box active-icon awb-icon-minus\" aria-hidden=\"true\"><\/i><i class=\"fa-fusion-box inactive-icon awb-icon-plus\" aria-hidden=\"true\"><\/i><\/span><span class=\"fusion-toggle-heading\">GBA ZONA OESTE<\/span><\/a><\/h4><\/div><div id=\"64498ad6364247445\" class=\"panel-collapse collapse \" araia-labelledby=\"toggle_64498ad6364247445\"><div class=\"panel-body toggle-content fusion-clearfix\">\n<p><b>Easy Ituzaing\u00f3<br \/>\n* solo Instalaci\u00f3n Premium <\/b>(Sector Ventas Especiales)<b><br \/>\n<\/b>Av. Presidente Per\u00f3n 9509 &#8211; Ituzaing\u00f3<br \/>\n011 4489-6518<\/p>\n<p><b>Easy Caseros<br \/>\n* solo Instalaci\u00f3n Premium <\/b>(Sector Ventas Especiales)<b><br \/>\n<\/b>J. B. Alberdi y Jos\u00e9 Murias Caseros<br \/>\n011 5554-0147<\/p>\n<p><b>Easy Moreno<br \/>\n* solo Instalaci\u00f3n Premium <\/b>(Sector Ventas Especiales)<b><br \/>\n<\/b>Colectora Acceso Oeste y Graham Bell &#8211; Moreno<br \/>\n0237-4059216<\/p>\n<p><b>Easy San Justo<br \/>\n* solo Instalaci\u00f3n Premium <\/b>(Sector Ventas Especiales)<b><br \/>\n<\/b>Camino de Cintura y Provincias Unidas &#8211; San Justo<br \/>\n011 4480-3116<\/p>\n<p><b>Easy Mor\u00f3n<br \/>\n* solo Instalaci\u00f3n Premium <\/b>(Sector Ventas Especiales)<b><br \/>\n<\/b>Juan Manuel de Rosas 658 &#8211; Mor\u00f3n &#8211; Plaza Oeste Shopping<br \/>\n011 4489-8070<\/p>\n<p><b>Easy Tablada<br \/>\n* solo Instalaci\u00f3n Premium <\/b>(Sector Ventas Especiales)<b><br \/>\n<\/b>Monse\u00f1or Bufano 6050 &#8211; Tablada<br \/>\n0810 999 3279<\/p>\n<p><b>Sodimac<br \/>\n<\/b>San Mart\u00edn, instalaci\u00f3n L\u00ednea B\u00e1sica, Premium, Kits para autoinstalaci\u00f3n.<br \/>\nSan Mart\u00edn 1650, San Mart\u00edn, Buenos Aires<\/p>\n<\/div><\/div><\/div>\n<style type=\"text\/css\">.fusion-accordian  #accordion-3954-1 .panel-53cc0f859bac5c8aa .panel-title a{}.fusion-accordian  #accordion-3954-1 .panel-53cc0f859bac5c8aa .toggle-content{}<\/style><div class=\"fusion-panel panel-default panel-53cc0f859bac5c8aa\"><div class=\"panel-heading\"><h4 class=\"panel-title toggle\" id=\"toggle_53cc0f859bac5c8aa\"><a aria-expanded=\"false\" aria-controls=\"53cc0f859bac5c8aa\" role=\"button\" data-toggle=\"collapse\" data-parent=\"#accordion-3954-1\" data-target=\"#53cc0f859bac5c8aa\" href=\"#53cc0f859bac5c8aa\"><span class=\"fusion-toggle-icon-wrapper\" aria-hidden=\"true\"><i class=\"fa-fusion-box active-icon awb-icon-minus\" aria-hidden=\"true\"><\/i><i class=\"fa-fusion-box inactive-icon awb-icon-plus\" aria-hidden=\"true\"><\/i><\/span><span class=\"fusion-toggle-heading\">SANTA FE - ROSARIO<\/span><\/a><\/h4><\/div><div id=\"53cc0f859bac5c8aa\" class=\"panel-collapse collapse \" araia-labelledby=\"toggle_53cc0f859bac5c8aa\"><div class=\"panel-body toggle-content fusion-clearfix\">\n<p><b>Ferreter\u00eda Baltazar<\/b><strong><br \/>\n* Kits para Autoinstalaci\u00f3n<\/strong><br \/>\n3 de Febrero 1053 &#8211; Rosario<br \/>\n(0341) 440-8555<\/p>\n<\/div><\/div><\/div>\n<style type=\"text\/css\">.fusion-accordian  #accordion-3954-1 .panel-0f1a3c34cf1bcb4c1 .panel-title a{}.fusion-accordian  #accordion-3954-1 .panel-0f1a3c34cf1bcb4c1 .toggle-content{}<\/style><div class=\"fusion-panel panel-default panel-0f1a3c34cf1bcb4c1\"><div class=\"panel-heading\"><h4 class=\"panel-title toggle\" id=\"toggle_0f1a3c34cf1bcb4c1\"><a aria-expanded=\"false\" aria-controls=\"0f1a3c34cf1bcb4c1\" role=\"button\" data-toggle=\"collapse\" data-parent=\"#accordion-3954-1\" data-target=\"#0f1a3c34cf1bcb4c1\" href=\"#0f1a3c34cf1bcb4c1\"><span class=\"fusion-toggle-icon-wrapper\" aria-hidden=\"true\"><i class=\"fa-fusion-box active-icon awb-icon-minus\" aria-hidden=\"true\"><\/i><i class=\"fa-fusion-box inactive-icon awb-icon-plus\" aria-hidden=\"true\"><\/i><\/span><span class=\"fusion-toggle-heading\">TUCUM\u00c1N REDES<\/span><\/a><\/h4><\/div><div id=\"0f1a3c34cf1bcb4c1\" class=\"panel-collapse collapse \" araia-labelledby=\"toggle_0f1a3c34cf1bcb4c1\"><div class=\"panel-body toggle-content fusion-clearfix\">\n<p>Ciudad San Miguel de Tucum\u00e1n<br \/>\nConsultas y presupuesto al &nbsp;03815326398<b><br \/>\n<\/b>Tambi\u00e9n pod\u00e9s encontrarnos en <strong><a href=\"https:\/\/www.facebook.com\/redesdeprotecciontuc\/?ref=page_internal\" target=\"_blank\" rel=\"noopener noreferrer\">Facebook<\/a><\/strong> Tucum\u00e1n Redes.<b><br \/>\n<\/b><\/p>\n<\/div><\/div><\/div>\n<\/div><\/div>\n<div class=\"fusion-clearfix\"><\/div><\/div><\/div>\n<div class=\"fusion-layout-column fusion_builder_column fusion-builder-column-2 fusion_builder_column_1_1 1_1 fusion-one-full fusion-column-first fusion-column-last fusion-column-no-min-height\" style=\"margin-top:0px;margin-bottom:0px;\"><div class=\"fusion-column-wrapper fusion-flex-column-wrapper-legacy\" style=\"background-position:left top;background-repeat:no-repeat;-webkit-background-size:cover;-moz-background-size:cover;-o-background-size:cover;background-size:cover;padding: 0px 0px 0px 0px;\"><div class=\"fusion-sep-clear\"><\/div><div class=\"fusion-separator fusion-full-width-sep\" style=\"margin-left: auto;margin-right: auto;margin-top:10px;margin-bottom:10px;width:100%;\"><div class=\"fusion-separator-border sep-shadow\" style=\"background:radial-gradient(ellipse at 50% -50% , #ffa200 0px, rgba(255, 255, 255, 0) 80%) repeat scroll 0 0 rgba(0, 0, 0, 0);background:-webkit-radial-gradient(ellipse at 50% -50% , #ffa200 0px, rgba(255, 255, 255, 0) 80%) repeat scroll 0 0 rgba(0, 0, 0, 0);background:-moz-radial-gradient(ellipse at 50% -50% , #ffa200 0px, rgba(255, 255, 255, 0) 80%) repeat scroll 0 0 rgba(0, 0, 0, 0);background:-o-radial-gradient(ellipse at 50% -50% , #ffa200 0px, rgba(255, 255, 255, 0) 80%) repeat scroll 0 0 rgba(0, 0, 0, 0);\"><\/div><\/div><div class=\"fusion-sep-clear\"><\/div>\n<p>&nbsp;<\/p>\n<p>Pago con tarjetas de cr\u00e9dito:<img decoding=\"async\" src=\"https:\/\/protecciondebalcones.com\/images\/tarj_01.png\" alt=\"\" width=\"313\" height=\"36\">&nbsp;o en cualquier sucursal de <img decoding=\"async\" src=\"https:\/\/protecciondebalcones.com\/images\/tarj_03.png\" alt=\"\" width=\"36\" height=\"36\"> <img decoding=\"async\" class=\"alignnone size-full wp-image-4989\" src=\"https:\/\/www.protecciondebalcones.com\/site\/wp-content\/uploads\/logo-sodimac.jpg\" alt=\"\" width=\"36\" height=\"36\"> D\u00e9bito:<img decoding=\"async\" src=\"https:\/\/protecciondebalcones.com\/images\/tarj_02.png\" alt=\"\" width=\"112\" height=\"28\"><\/p>\n<div class=\"fusion-sep-clear\"><\/div><div class=\"fusion-separator fusion-full-width-sep\" style=\"margin-left: auto;margin-right: auto;margin-top:50px;margin-bottom:50px;width:100%;\"><\/div><div class=\"fusion-sep-clear\"><\/div><div class=\"fusion-clearfix\"><\/div><\/div><\/div><\/div><style type=\"text\/css\">.fusion-fullwidth.fusion-builder-row-1 { overflow:visible; }<\/style><\/div>\n","protected":false},"excerpt":{"rendered":"","protected":false},"author":1,"featured_media":0,"parent":0,"menu_order":0,"comment_status":"closed","ping_status":"closed","template":"","meta":[],"_links":{"self":[{"href":"https:\/\/www.protecciondebalcones.com\/site\/wp-json\/wp\/v2\/pages\/3954"}],"collection":[{"href":"https:\/\/www.protecciondebalcones.com\/site\/wp-json\/wp\/v2\/pages"}],"about":[{"href":"https:\/\/www.protecciondebalcones.com\/site\/wp-json\/wp\/v2\/types\/page"}],"author":[{"embeddable":true,"href":"https:\/\/www.protecciondebalcones.com\/site\/wp-json\/wp\/v2\/users\/1"}],"replies":[{"embeddable":true,"href":"https:\/\/www.protecciondebalcones.com\/site\/wp-json\/wp\/v2\/comments?post=3954"}],"version-history":[{"count":68,"href":"https:\/\/www.protecciondebalcones.com\/site\/wp-json\/wp\/v2\/pages\/3954\/revisions"}],"predecessor-version":[{"id":5280,"href":"https:\/\/www.protecciondebalcones.com\/site\/wp-json\/wp\/v2\/pages\/3954\/revisions\/5280"}],"wp:attachment":[{"href":"https:\/\/www.protecciondebalcones.com\/site\/wp-json\/wp\/v2\/media?parent=3954"}],"curies":[{"name":"wp","href":"https:\/\/api.w.org\/{rel}","templated":true}]}}