{"id":3964,"date":"2013-11-18T19:12:28","date_gmt":"2013-11-18T19:12:28","guid":{"rendered":"http:\/\/protecciondebalcones.com\/site\/?page_id=3964"},"modified":"2020-07-29T20:25:40","modified_gmt":"2020-07-29T23:25:40","slug":"espacio-profesional","status":"publish","type":"page","link":"https:\/\/www.protecciondebalcones.com\/site\/espacio-profesional\/","title":{"rendered":"Profesionales"},"content":{"rendered":"<div class=\"fusion-fullwidth fullwidth-box fusion-builder-row-1 hundred-percent-fullwidth non-hundred-percent-height-scrolling\" style=\"background-color: rgba(255,255,255,0);background-position: center center;background-repeat: no-repeat;padding-top:0px;padding-right:0px;padding-bottom:0px;padding-left:0px;margin-bottom: 0px;margin-top: 0px;border-width: 0px 0px 0px 0px;border-color:#eae9e9;border-style:solid;\" ><div class=\"fusion-builder-row fusion-row\"><div class=\"fusion-layout-column fusion_builder_column fusion-builder-column-0 fusion_builder_column_1_2 1_2 fusion-one-half fusion-column-first\" style=\"width:50%;width:calc(50% - ( ( 4% ) * 0.5 ) );margin-right: 4%;margin-top:0px;margin-bottom:20px;\"><div class=\"fusion-column-wrapper fusion-flex-column-wrapper-legacy\" style=\"background-position:left top;background-repeat:no-repeat;-webkit-background-size:cover;-moz-background-size:cover;-o-background-size:cover;background-size:cover;padding: 0px 0px 0px 0px;\">\n<style type=\"text\/css\">#accordion-3964-1 .fusion-panel:hover{ border-color: #ffa200 } #accordion-3964-1 .fusion-panel { border-color:#ffa200; }.fusion-accordian  #accordion-3964-1 .panel-title a .fa-fusion-box{ color: #ffffff;}.fusion-accordian  #accordion-3964-1 .panel-title a .fa-fusion-box:before{ font-size: 16px; width: 16px;}.fusion-accordian  #accordion-3964-1 .panel-title a{font-size:16px;color:#333333;font-family:'Trebuchet MS', Helvetica, sans-serif;font-weight:400;}.fusion-accordian  #accordion-3964-1 .toggle-content{font-size:15px;color:#3e3061;font-family:'Trebuchet MS', Helvetica, sans-serif;font-weight:400;}.fusion-accordian  #accordion-3964-1 .fa-fusion-box { background-color: #333333;border-color: #333333;}.fusion-accordian  #accordion-3964-1 .panel-title a:not(.active):hover, #accordion-3964-1 .fusion-toggle-boxed-mode:hover .panel-title a { color: #ffa200;}.fusion-accordian  #accordion-3964-1 .panel-title .active .fa-fusion-box,.fusion-accordian  #accordion-3964-1 .panel-title a:not(.active):hover .fa-fusion-box { background-color: #ffa200!important;border-color: #ffa200!important;}<\/style><div class=\"accordian fusion-accordian\"><div class=\"panel-group\" id=\"accordion-3964-1\">\n<style type=\"text\/css\">.fusion-accordian  #accordion-3964-1 .panel-58bf152106daf8c10 .panel-title a{}.fusion-accordian  #accordion-3964-1 .panel-58bf152106daf8c10 .toggle-content{}<\/style><div class=\"fusion-panel panel-default panel-58bf152106daf8c10\"><div class=\"panel-heading\"><h4 class=\"panel-title toggle\" id=\"toggle_58bf152106daf8c10\"><a aria-expanded=\"false\" aria-controls=\"58bf152106daf8c10\" role=\"button\" data-toggle=\"collapse\" data-parent=\"#accordion-3964-1\" data-target=\"#58bf152106daf8c10\" href=\"#58bf152106daf8c10\"><span class=\"fusion-toggle-icon-wrapper\" aria-hidden=\"true\"><i class=\"fa-fusion-box active-icon awb-icon-minus\" aria-hidden=\"true\"><\/i><i class=\"fa-fusion-box inactive-icon awb-icon-plus\" aria-hidden=\"true\"><\/i><\/span><span class=\"fusion-toggle-heading\">Arquitectos, constructores, decoradores, encargados de obra<\/span><\/a><\/h4><\/div><div id=\"58bf152106daf8c10\" class=\"panel-collapse collapse \" araia-labelledby=\"toggle_58bf152106daf8c10\"><div class=\"panel-body toggle-content fusion-clearfix\">\n<p>Solicite asesoramiento t\u00e9cnico en obra. Lo acompa\u00f1aremos en su proyecto con un producto noble y s\u00f3lido.<\/p>\n<\/div><\/div><\/div>\n<style type=\"text\/css\">.fusion-accordian  #accordion-3964-1 .panel-38d10a13a70f43281 .panel-title a{}.fusion-accordian  #accordion-3964-1 .panel-38d10a13a70f43281 .toggle-content{}<\/style><div class=\"fusion-panel panel-default panel-38d10a13a70f43281\"><div class=\"panel-heading\"><h4 class=\"panel-title toggle\" id=\"toggle_38d10a13a70f43281\"><a aria-expanded=\"false\" aria-controls=\"38d10a13a70f43281\" role=\"button\" data-toggle=\"collapse\" data-parent=\"#accordion-3964-1\" data-target=\"#38d10a13a70f43281\" href=\"#38d10a13a70f43281\"><span class=\"fusion-toggle-icon-wrapper\" aria-hidden=\"true\"><i class=\"fa-fusion-box active-icon awb-icon-minus\" aria-hidden=\"true\"><\/i><i class=\"fa-fusion-box inactive-icon awb-icon-plus\" aria-hidden=\"true\"><\/i><\/span><span class=\"fusion-toggle-heading\">Instaladores<\/span><\/a><\/h4><\/div><div id=\"38d10a13a70f43281\" class=\"panel-collapse collapse \" araia-labelledby=\"toggle_38d10a13a70f43281\"><div class=\"panel-body toggle-content fusion-clearfix\">\n<p>Desarrolle el oficio de instalador en su localidad o regi\u00f3n. Capacitaci\u00f3n t\u00e9cnica incluida. Solicite redes al por mayor y material a granel.<\/p>\n<\/div><\/div><\/div>\n<style type=\"text\/css\">.fusion-accordian  #accordion-3964-1 .panel-204f20278675ad4cc .panel-title a{}.fusion-accordian  #accordion-3964-1 .panel-204f20278675ad4cc .toggle-content{}<\/style><div class=\"fusion-panel panel-default panel-204f20278675ad4cc\"><div class=\"panel-heading\"><h4 class=\"panel-title toggle\" id=\"toggle_204f20278675ad4cc\"><a aria-expanded=\"false\" aria-controls=\"204f20278675ad4cc\" role=\"button\" data-toggle=\"collapse\" data-parent=\"#accordion-3964-1\" data-target=\"#204f20278675ad4cc\" href=\"#204f20278675ad4cc\"><span class=\"fusion-toggle-icon-wrapper\" aria-hidden=\"true\"><i class=\"fa-fusion-box active-icon awb-icon-minus\" aria-hidden=\"true\"><\/i><i class=\"fa-fusion-box inactive-icon awb-icon-plus\" aria-hidden=\"true\"><\/i><\/span><span class=\"fusion-toggle-heading\">Comercios<\/span><\/a><\/h4><\/div><div id=\"204f20278675ad4cc\" class=\"panel-collapse collapse \" araia-labelledby=\"toggle_204f20278675ad4cc\"><div class=\"panel-body toggle-content fusion-clearfix\">\n<p>Agregue nuestros productos a su negocio como valor agregado. Pensado para casa de art\u00edculos de bebes y primera infancia, Pa\u00f1aleras, Ferreterias, Corralon de materiales. Asesoramiento t\u00e9cnico permanente.<\/p>\n<\/div><\/div><\/div>\n<style type=\"text\/css\">.fusion-accordian  #accordion-3964-1 .panel-470020c2ed753fc80 .panel-title a{}.fusion-accordian  #accordion-3964-1 .panel-470020c2ed753fc80 .toggle-content{}<\/style><div class=\"fusion-panel panel-default panel-470020c2ed753fc80\"><div class=\"panel-heading\"><h4 class=\"panel-title toggle\" id=\"toggle_470020c2ed753fc80\"><a aria-expanded=\"false\" aria-controls=\"470020c2ed753fc80\" role=\"button\" data-toggle=\"collapse\" data-parent=\"#accordion-3964-1\" data-target=\"#470020c2ed753fc80\" href=\"#470020c2ed753fc80\"><span class=\"fusion-toggle-icon-wrapper\" aria-hidden=\"true\"><i class=\"fa-fusion-box active-icon awb-icon-minus\" aria-hidden=\"true\"><\/i><i class=\"fa-fusion-box inactive-icon awb-icon-plus\" aria-hidden=\"true\"><\/i><\/span><span class=\"fusion-toggle-heading\">Oportunidad de negocio<\/span><\/a><\/h4><\/div><div id=\"470020c2ed753fc80\" class=\"panel-collapse collapse \" araia-labelledby=\"toggle_470020c2ed753fc80\"><div class=\"panel-body toggle-content fusion-clearfix\">\n<p>Desarrolle la marca en su ciudad o regi\u00f3n. Pa\u00f1os y materiales a granel. Asesoramiento en publicidad y Marketing. Capacitacion In-company; comercial y t\u00e9cnica.<\/p>\n<\/div><\/div><\/div>\n<\/div><\/div>\n<div class=\"fusion-clearfix\"><\/div><\/div><\/div>\n<div class=\"fusion-layout-column fusion_builder_column fusion-builder-column-1 fusion_builder_column_1_2 1_2 fusion-one-half fusion-column-last\" style=\"width:50%;width:calc(50% - ( ( 4% ) * 0.5 ) );margin-top:0px;margin-bottom:20px;\"><div class=\"fusion-column-wrapper fusion-flex-column-wrapper-legacy\" style=\"background-position:left top;background-repeat:no-repeat;-webkit-background-size:cover;-moz-background-size:cover;-o-background-size:cover;background-size:cover;padding: 0px 0px 0px 0px;\">\n\n<div class=\"wpcf7 no-js\" id=\"wpcf7-f4296-o1\" lang=\"es-ES\" dir=\"ltr\">\n<div class=\"screen-reader-response\"><p role=\"status\" aria-live=\"polite\" aria-atomic=\"true\"><\/p> <ul><\/ul><\/div>\n<form action=\"\/site\/wp-json\/wp\/v2\/pages\/3964#wpcf7-f4296-o1\" method=\"post\" class=\"wpcf7-form init\" aria-label=\"Formulario de contacto\" novalidate=\"novalidate\" data-status=\"init\">\n<div style=\"display: none;\">\n<input type=\"hidden\" name=\"_wpcf7\" value=\"4296\" \/>\n<input type=\"hidden\" name=\"_wpcf7_version\" value=\"5.7.7\" \/>\n<input type=\"hidden\" name=\"_wpcf7_locale\" value=\"es_ES\" \/>\n<input type=\"hidden\" name=\"_wpcf7_unit_tag\" value=\"wpcf7-f4296-o1\" \/>\n<input type=\"hidden\" name=\"_wpcf7_container_post\" value=\"0\" \/>\n<input type=\"hidden\" name=\"_wpcf7_posted_data_hash\" value=\"\" \/>\n<input type=\"hidden\" name=\"_wpcf7_recaptcha_response\" value=\"\" \/>\n<\/div>\n<p>Nombre (requerido)\n<\/p>\n<p><span class=\"wpcf7-form-control-wrap\" data-name=\"your-name\"><input size=\"40\" class=\"wpcf7-form-control wpcf7-text wpcf7-validates-as-required\" aria-required=\"true\" aria-invalid=\"false\" value=\"\" type=\"text\" name=\"your-name\" \/><\/span>\n<\/p>\n<p>E-mail (requerido)\n<\/p>\n<p><span class=\"wpcf7-form-control-wrap\" data-name=\"your-email\"><input size=\"40\" class=\"wpcf7-form-control wpcf7-text wpcf7-email wpcf7-validates-as-required wpcf7-validates-as-email\" aria-required=\"true\" aria-invalid=\"false\" value=\"\" type=\"email\" name=\"your-email\" \/><\/span>\n<\/p>\n<p>Tel\u00e9fono\n<\/p>\n<p><span class=\"wpcf7-form-control-wrap\" data-name=\"your-phone\"><input size=\"40\" class=\"wpcf7-form-control wpcf7-text\" aria-invalid=\"false\" value=\"\" type=\"text\" name=\"your-phone\" \/><\/span>\n<\/p>\n<p>Consulta\n<\/p>\n<p><span class=\"wpcf7-form-control-wrap\" data-name=\"your-message\"><textarea cols=\"40\" rows=\"10\" class=\"wpcf7-form-control wpcf7-textarea\" aria-invalid=\"false\" name=\"your-message\"><\/textarea><\/span>\n<\/p>\n\n<p><input class=\"wpcf7-form-control has-spinner wpcf7-submit\" type=\"submit\" value=\"Enviar\" \/>\n<\/p><input type='hidden' class='wpcf7-pum' value='{\"closepopup\":false,\"closedelay\":0,\"openpopup\":false,\"openpopup_id\":0}' \/><div class=\"fusion-alert alert custom alert-custom fusion-alert-center wpcf7-response-output alert-dismissable\" role=\"alert\" style=\"border-width:1px;\"><div class=\"fusion-alert-content-wrapper\"><span class=\"fusion-alert-content\"><\/span><\/div><button type=\"button\" class=\"close toggle-alert\" data-dismiss=\"alert\" aria-label=\"Close\">&times;<\/button><\/div>\n<\/form>\n<\/div>\n\n<div class=\"fusion-clearfix\"><\/div><\/div><\/div>\n<div class=\"fusion-layout-column fusion_builder_column fusion-builder-column-2 fusion_builder_column_1_1 1_1 fusion-one-full fusion-column-first fusion-column-last fusion-column-no-min-height\" style=\"margin-top:0px;margin-bottom:0px;\"><div class=\"fusion-column-wrapper fusion-flex-column-wrapper-legacy\" style=\"background-position:left top;background-repeat:no-repeat;-webkit-background-size:cover;-moz-background-size:cover;-o-background-size:cover;background-size:cover;padding: 0px 0px 0px 0px;\"><div class=\"fusion-sep-clear\"><\/div><div class=\"fusion-separator fusion-full-width-sep\" style=\"margin-left: auto;margin-right: auto;margin-top:10px;margin-bottom:10px;width:100%;\"><div class=\"fusion-separator-border sep-shadow\" style=\"background:radial-gradient(ellipse at 50% -50% , #ffa200 0px, rgba(255, 255, 255, 0) 80%) repeat scroll 0 0 rgba(0, 0, 0, 0);background:-webkit-radial-gradient(ellipse at 50% -50% , #ffa200 0px, rgba(255, 255, 255, 0) 80%) repeat scroll 0 0 rgba(0, 0, 0, 0);background:-moz-radial-gradient(ellipse at 50% -50% , #ffa200 0px, rgba(255, 255, 255, 0) 80%) repeat scroll 0 0 rgba(0, 0, 0, 0);background:-o-radial-gradient(ellipse at 50% -50% , #ffa200 0px, rgba(255, 255, 255, 0) 80%) repeat scroll 0 0 rgba(0, 0, 0, 0);\"><\/div><\/div><div class=\"fusion-sep-clear\"><\/div>\n<p>&nbsp;<\/p>\n<p>Pago con tarjetas de cr\u00e9dito:<img decoding=\"async\" src=\"https:\/\/protecciondebalcones.com\/images\/tarj_01.png\" alt=\"\" width=\"313\" height=\"36\">&nbsp;o en cualquier sucursal de <img decoding=\"async\" src=\"https:\/\/protecciondebalcones.com\/images\/tarj_03.png\" alt=\"\" width=\"36\" height=\"36\"> <img decoding=\"async\" class=\"alignnone size-full wp-image-4989\" src=\"https:\/\/www.protecciondebalcones.com\/site\/wp-content\/uploads\/logo-sodimac.jpg\" alt=\"\" width=\"36\" height=\"36\"> D\u00e9bito:<img decoding=\"async\" src=\"https:\/\/protecciondebalcones.com\/images\/tarj_02.png\" alt=\"\" width=\"112\" height=\"28\"><\/p>\n<div class=\"fusion-sep-clear\"><\/div><div class=\"fusion-separator fusion-full-width-sep\" style=\"margin-left: auto;margin-right: auto;margin-top:50px;margin-bottom:50px;width:100%;\"><\/div><div class=\"fusion-sep-clear\"><\/div><div class=\"fusion-clearfix\"><\/div><\/div><\/div><\/div><style type=\"text\/css\">.fusion-fullwidth.fusion-builder-row-1 { overflow:visible; }<\/style><\/div>\n","protected":false},"excerpt":{"rendered":"","protected":false},"author":1,"featured_media":0,"parent":0,"menu_order":0,"comment_status":"closed","ping_status":"closed","template":"","meta":[],"_links":{"self":[{"href":"https:\/\/www.protecciondebalcones.com\/site\/wp-json\/wp\/v2\/pages\/3964"}],"collection":[{"href":"https:\/\/www.protecciondebalcones.com\/site\/wp-json\/wp\/v2\/pages"}],"about":[{"href":"https:\/\/www.protecciondebalcones.com\/site\/wp-json\/wp\/v2\/types\/page"}],"author":[{"embeddable":true,"href":"https:\/\/www.protecciondebalcones.com\/site\/wp-json\/wp\/v2\/users\/1"}],"replies":[{"embeddable":true,"href":"https:\/\/www.protecciondebalcones.com\/site\/wp-json\/wp\/v2\/comments?post=3964"}],"version-history":[{"count":24,"href":"https:\/\/www.protecciondebalcones.com\/site\/wp-json\/wp\/v2\/pages\/3964\/revisions"}],"predecessor-version":[{"id":5278,"href":"https:\/\/www.protecciondebalcones.com\/site\/wp-json\/wp\/v2\/pages\/3964\/revisions\/5278"}],"wp:attachment":[{"href":"https:\/\/www.protecciondebalcones.com\/site\/wp-json\/wp\/v2\/media?parent=3964"}],"curies":[{"name":"wp","href":"https:\/\/api.w.org\/{rel}","templated":true}]}}