{"id":4676,"date":"2014-10-14T15:33:01","date_gmt":"2014-10-14T15:33:01","guid":{"rendered":"http:\/\/www.protecciondebalcones.com\/site\/?page_id=4676"},"modified":"2020-07-29T20:22:03","modified_gmt":"2020-07-29T23:22:03","slug":"7-razones-porque","status":"publish","type":"page","link":"https:\/\/www.protecciondebalcones.com\/site\/7-razones-porque\/","title":{"rendered":"7 Razones POR QU\u00c9"},"content":{"rendered":"<div class=\"fusion-fullwidth fullwidth-box fusion-builder-row-1 hundred-percent-fullwidth non-hundred-percent-height-scrolling\" style=\"background-color: rgba(255,255,255,0);background-position: center center;background-repeat: no-repeat;padding-top:0px;padding-right:0px;padding-bottom:0px;padding-left:0px;margin-bottom: 0px;margin-top: 0px;border-width: 0px 0px 0px 0px;border-color:#eae9e9;border-style:solid;\" ><div class=\"fusion-builder-row fusion-row\"><div class=\"fusion-layout-column fusion_builder_column fusion-builder-column-0 fusion_builder_column_1_2 1_2 fusion-one-half fusion-column-first\" style=\"width:50%;width:calc(50% - ( ( 4% ) * 0.5 ) );margin-right: 4%;margin-top:0px;margin-bottom:20px;\"><div class=\"fusion-column-wrapper fusion-flex-column-wrapper-legacy\" style=\"background-position:left top;background-repeat:no-repeat;-webkit-background-size:cover;-moz-background-size:cover;-o-background-size:cover;background-size:cover;padding: 0px 0px 0px 0px;\">\n<p style=\"text-align: justify;\">Ya sea para su casa u oficina; las l\u00e1minas para ventanas ofrecen una variedad de beneficios al consumidor con el objetivo de hacer su vida m\u00e1s agradable y segura.<\/p>\n<p style=\"text-align: justify;\">Johnson Window Films le presenta 7 Razones para elegir las l\u00e1minas para ventanas:<\/p>\n<style type=\"text\/css\">#accordion-4676-1 .fusion-panel:hover{ border-color: #ffa200 } #accordion-4676-1 .fusion-panel { border-color:#ffa200; }.fusion-accordian  #accordion-4676-1 .panel-title a .fa-fusion-box{ color: #ffffff;}.fusion-accordian  #accordion-4676-1 .panel-title a .fa-fusion-box:before{ font-size: 16px; width: 16px;}.fusion-accordian  #accordion-4676-1 .panel-title a{font-size:16px;color:#333333;font-family:'Trebuchet MS', Helvetica, sans-serif;font-weight:400;}.fusion-accordian  #accordion-4676-1 .toggle-content{font-size:15px;color:#3e3061;font-family:'Trebuchet MS', Helvetica, sans-serif;font-weight:400;}.fusion-accordian  #accordion-4676-1 .fa-fusion-box { background-color: #333333;border-color: #333333;}.fusion-accordian  #accordion-4676-1 .panel-title a:not(.active):hover, #accordion-4676-1 .fusion-toggle-boxed-mode:hover .panel-title a { color: #ffa200;}.fusion-accordian  #accordion-4676-1 .panel-title .active .fa-fusion-box,.fusion-accordian  #accordion-4676-1 .panel-title a:not(.active):hover .fa-fusion-box { background-color: #ffa200!important;border-color: #ffa200!important;}<\/style><div class=\"accordian fusion-accordian\"><div class=\"panel-group\" id=\"accordion-4676-1\">\n<style type=\"text\/css\">.fusion-accordian  #accordion-4676-1 .panel-be34a5932ce7d494b .panel-title a{}.fusion-accordian  #accordion-4676-1 .panel-be34a5932ce7d494b .toggle-content{}<\/style><div class=\"fusion-panel panel-default panel-be34a5932ce7d494b\"><div class=\"panel-heading\"><h4 class=\"panel-title toggle\" id=\"toggle_be34a5932ce7d494b\"><a aria-expanded=\"false\" aria-controls=\"be34a5932ce7d494b\" role=\"button\" data-toggle=\"collapse\" data-parent=\"#accordion-4676-1\" data-target=\"#be34a5932ce7d494b\" href=\"#be34a5932ce7d494b\"><span class=\"fusion-toggle-icon-wrapper\" aria-hidden=\"true\"><i class=\"fa-fusion-box active-icon awb-icon-minus\" aria-hidden=\"true\"><\/i><i class=\"fa-fusion-box inactive-icon awb-icon-plus\" aria-hidden=\"true\"><\/i><\/span><span class=\"fusion-toggle-heading\">1. Reducen considerablemente el calor<\/span><\/a><\/h4><\/div><div id=\"be34a5932ce7d494b\" class=\"panel-collapse collapse \" araia-labelledby=\"toggle_be34a5932ce7d494b\"><div class=\"panel-body toggle-content fusion-clearfix\">\n<p><img decoding=\"async\" class=\"alignnone size-full wp-image-4682\" src=\"https:\/\/www.protecciondebalcones.com\/site\/wp-content\/uploads\/7rpq_01.png\" alt=\"7rpq_01\" width=\"261\" height=\"186\"><\/p>\n<p style=\"text-align: justify;\">Las l\u00e1minas para ventanas actuales pueden reflectar hasta un 82 % m\u00e1s de energ\u00eda solar en comparaci\u00f3n con un vidrio sin tratar. Al controlar los puntos calientes y el calor solar interior no deseado, las l\u00e1minas para ventanas ayudan a crear una mejor calidad de vida o una experiencia de conducci\u00f3n m\u00e1s c\u00f3moda y a la vez reducen los gastos de aire acondicionado.<\/p>\n<\/div><\/div><\/div>\n<style type=\"text\/css\">.fusion-accordian  #accordion-4676-1 .panel-d6ca5ab3173569c7f .panel-title a{}.fusion-accordian  #accordion-4676-1 .panel-d6ca5ab3173569c7f .toggle-content{}<\/style><div class=\"fusion-panel panel-default panel-d6ca5ab3173569c7f\"><div class=\"panel-heading\"><h4 class=\"panel-title toggle\" id=\"toggle_d6ca5ab3173569c7f\"><a aria-expanded=\"false\" aria-controls=\"d6ca5ab3173569c7f\" role=\"button\" data-toggle=\"collapse\" data-parent=\"#accordion-4676-1\" data-target=\"#d6ca5ab3173569c7f\" href=\"#d6ca5ab3173569c7f\"><span class=\"fusion-toggle-icon-wrapper\" aria-hidden=\"true\"><i class=\"fa-fusion-box active-icon awb-icon-minus\" aria-hidden=\"true\"><\/i><i class=\"fa-fusion-box inactive-icon awb-icon-plus\" aria-hidden=\"true\"><\/i><\/span><span class=\"fusion-toggle-heading\">2. Reducen la decoloraci\u00f3n y los riesgos para la salud<\/span><\/a><\/h4><\/div><div id=\"d6ca5ab3173569c7f\" class=\"panel-collapse collapse \" araia-labelledby=\"toggle_d6ca5ab3173569c7f\"><div class=\"panel-body toggle-content fusion-clearfix\">\n<p><img decoding=\"async\" class=\"alignnone size-full wp-image-4683\" src=\"https:\/\/www.protecciondebalcones.com\/site\/wp-content\/uploads\/7rpq_02.png\" alt=\"7rpq_02\" width=\"274\" height=\"209\" srcset=\"https:\/\/www.protecciondebalcones.com\/site\/wp-content\/uploads\/7rpq_02-180x138.png 180w, https:\/\/www.protecciondebalcones.com\/site\/wp-content\/uploads\/7rpq_02.png 274w\" sizes=\"(max-width: 274px) 100vw, 274px\" \/><\/p>\n<p style=\"text-align: justify;\">Las l\u00e1minas para ventanas bloquean hasta 99 %* de los rayos UV, al mismo tiempo que reducen el calor considerablemente. La reducci\u00f3n de las dos causas principales de la decoloraci\u00f3n ayuda a proteger su casa, oficina o el interior de su veh\u00edculo. Al detener pr\u00e1cticamente todos los rayos UV, las l\u00e1minas tambi\u00e9n proporcionan un eficaz \u201cbloqueador solar\u201d para su piel y ojos contra los efectos nocivos del sol.<\/p>\n<p style=\"text-align: justify;\"><i>*Nuestras l\u00e1minas de seguridad y protecci\u00f3n reducen el 98 %, o m\u00e1s, de los rayos UV.<\/i><\/p>\n<\/div><\/div><\/div>\n<style type=\"text\/css\">.fusion-accordian  #accordion-4676-1 .panel-d900149a9338e0f7c .panel-title a{}.fusion-accordian  #accordion-4676-1 .panel-d900149a9338e0f7c .toggle-content{}<\/style><div class=\"fusion-panel panel-default panel-d900149a9338e0f7c\"><div class=\"panel-heading\"><h4 class=\"panel-title toggle\" id=\"toggle_d900149a9338e0f7c\"><a aria-expanded=\"false\" aria-controls=\"d900149a9338e0f7c\" role=\"button\" data-toggle=\"collapse\" data-parent=\"#accordion-4676-1\" data-target=\"#d900149a9338e0f7c\" href=\"#d900149a9338e0f7c\"><span class=\"fusion-toggle-icon-wrapper\" aria-hidden=\"true\"><i class=\"fa-fusion-box active-icon awb-icon-minus\" aria-hidden=\"true\"><\/i><i class=\"fa-fusion-box inactive-icon awb-icon-plus\" aria-hidden=\"true\"><\/i><\/span><span class=\"fusion-toggle-heading\">3. Reducen el molesto resplandor<\/span><\/a><\/h4><\/div><div id=\"d900149a9338e0f7c\" class=\"panel-collapse collapse \" araia-labelledby=\"toggle_d900149a9338e0f7c\"><div class=\"panel-body toggle-content fusion-clearfix\">\n<p><img decoding=\"async\" src=\"https:\/\/www.protecciondebalcones.com\/site\/wp-content\/uploads\/7rpq_03.png\" alt=\"7rpq_03\" width=\"355\" height=\"222\"><\/p>\n<p style=\"text-align: justify;\">El origen no es importante \u2013 ya sea luz del sol, reflejos de la nieve, agua, edificios \u2013 el reflejo no solo es molesto sino que tambi\u00e9n puede ser peligroso si obstruye su visi\u00f3n. Al igual que las gafas de sol, las l\u00e1minas para ventanas hacen un trabajo excelente al reducir el brillo excesivo del sol.<\/p>\n<\/div><\/div><\/div>\n<style type=\"text\/css\">.fusion-accordian  #accordion-4676-1 .panel-b224ab8f3a1244b46 .panel-title a{}.fusion-accordian  #accordion-4676-1 .panel-b224ab8f3a1244b46 .toggle-content{}<\/style><div class=\"fusion-panel panel-default panel-b224ab8f3a1244b46\"><div class=\"panel-heading\"><h4 class=\"panel-title toggle\" id=\"toggle_b224ab8f3a1244b46\"><a aria-expanded=\"false\" aria-controls=\"b224ab8f3a1244b46\" role=\"button\" data-toggle=\"collapse\" data-parent=\"#accordion-4676-1\" data-target=\"#b224ab8f3a1244b46\" href=\"#b224ab8f3a1244b46\"><span class=\"fusion-toggle-icon-wrapper\" aria-hidden=\"true\"><i class=\"fa-fusion-box active-icon awb-icon-minus\" aria-hidden=\"true\"><\/i><i class=\"fa-fusion-box inactive-icon awb-icon-plus\" aria-hidden=\"true\"><\/i><\/span><span class=\"fusion-toggle-heading\">4. Disfrute los ahorro de energ\u00eda<\/span><\/a><\/h4><\/div><div id=\"b224ab8f3a1244b46\" class=\"panel-collapse collapse \" araia-labelledby=\"toggle_b224ab8f3a1244b46\"><div class=\"panel-body toggle-content fusion-clearfix\">\n<p><img decoding=\"async\" src=\"https:\/\/www.protecciondebalcones.com\/site\/wp-content\/uploads\/7rpq_04.png\" alt=\"7rpq_04\" width=\"355\" height=\"222\"><\/p>\n<p style=\"text-align: justify;\">Las l\u00e1minas de control solar pueden reducir significativamente el uso de aire acondicionado. De esta manera se extiende la vida de los sistemas de aire acondicionado y se reducen los gastos energ\u00e9ticos, incluyendo un mayor kilometraje por litro para su veh\u00edculo.<\/p>\n<\/div><\/div><\/div>\n<style type=\"text\/css\">.fusion-accordian  #accordion-4676-1 .panel-6ab65ef7c8dd5a34c .panel-title a{}.fusion-accordian  #accordion-4676-1 .panel-6ab65ef7c8dd5a34c .toggle-content{}<\/style><div class=\"fusion-panel panel-default panel-6ab65ef7c8dd5a34c\"><div class=\"panel-heading\"><h4 class=\"panel-title toggle\" id=\"toggle_6ab65ef7c8dd5a34c\"><a aria-expanded=\"false\" aria-controls=\"6ab65ef7c8dd5a34c\" role=\"button\" data-toggle=\"collapse\" data-parent=\"#accordion-4676-1\" data-target=\"#6ab65ef7c8dd5a34c\" href=\"#6ab65ef7c8dd5a34c\"><span class=\"fusion-toggle-icon-wrapper\" aria-hidden=\"true\"><i class=\"fa-fusion-box active-icon awb-icon-minus\" aria-hidden=\"true\"><\/i><i class=\"fa-fusion-box inactive-icon awb-icon-plus\" aria-hidden=\"true\"><\/i><\/span><span class=\"fusion-toggle-heading\">5. Mayor seguridad y protecci\u00f3n<\/span><\/a><\/h4><\/div><div id=\"6ab65ef7c8dd5a34c\" class=\"panel-collapse collapse \" araia-labelledby=\"toggle_6ab65ef7c8dd5a34c\"><div class=\"panel-body toggle-content fusion-clearfix\">\n<p><img decoding=\"async\" src=\"https:\/\/www.protecciondebalcones.com\/site\/wp-content\/uploads\/7rpq_05.png\" alt=\"7rpq_05\" width=\"355\" height=\"222\"><\/p>\n<p style=\"text-align: justify;\">Los accidentes, las fuerzas de la naturaleza y las amenazas humanas pueden convertir instant\u00e1neamente un panel de cristal en peligrosas esquirlas. Las l\u00e1minas de seguridad protectoras son m\u00e1s gruesas yest\u00e1n disponibles para proporcionar un nivel de protecci\u00f3n adicional en caso de rotura, y mayor seguridad para sus pertenencias en caso de intento de robo expr\u00e9s.<\/p>\n<\/div><\/div><\/div>\n<style type=\"text\/css\">.fusion-accordian  #accordion-4676-1 .panel-61b4a4bc34efa77b3 .panel-title a{}.fusion-accordian  #accordion-4676-1 .panel-61b4a4bc34efa77b3 .toggle-content{}<\/style><div class=\"fusion-panel panel-default panel-61b4a4bc34efa77b3\"><div class=\"panel-heading\"><h4 class=\"panel-title toggle\" id=\"toggle_61b4a4bc34efa77b3\"><a aria-expanded=\"false\" aria-controls=\"61b4a4bc34efa77b3\" role=\"button\" data-toggle=\"collapse\" data-parent=\"#accordion-4676-1\" data-target=\"#61b4a4bc34efa77b3\" href=\"#61b4a4bc34efa77b3\"><span class=\"fusion-toggle-icon-wrapper\" aria-hidden=\"true\"><i class=\"fa-fusion-box active-icon awb-icon-minus\" aria-hidden=\"true\"><\/i><i class=\"fa-fusion-box inactive-icon awb-icon-plus\" aria-hidden=\"true\"><\/i><\/span><span class=\"fusion-toggle-heading\">6. Mejor apariencia<\/span><\/a><\/h4><\/div><div id=\"61b4a4bc34efa77b3\" class=\"panel-collapse collapse \" araia-labelledby=\"toggle_61b4a4bc34efa77b3\"><div class=\"panel-body toggle-content fusion-clearfix\">\n<p><img decoding=\"async\" src=\"https:\/\/www.protecciondebalcones.com\/site\/wp-content\/uploads\/7rpq_06.png\" alt=\"7rpq_06\" width=\"355\" height=\"222\"><\/p>\n<p style=\"text-align: justify;\">Si lo que desea es una apariencia contempor\u00e1nea o un dise\u00f1o uniforme, hay una variedad de opciones de l\u00e1minas para ventanas que pueden mejorar est\u00e9ticamente el exterior de su hogar, oficina o autom\u00f3vil. Desde l\u00e1minas pr\u00e1cticamente invisibles a l\u00e1minas con colores m\u00e1s oscuros, contamos con una gama de tonos para darle el aspecto que desea.<\/p>\n<\/div><\/div><\/div>\n<style type=\"text\/css\">.fusion-accordian  #accordion-4676-1 .panel-3659d0587f0b228df .panel-title a{}.fusion-accordian  #accordion-4676-1 .panel-3659d0587f0b228df .toggle-content{}<\/style><div class=\"fusion-panel panel-default panel-3659d0587f0b228df\"><div class=\"panel-heading\"><h4 class=\"panel-title toggle\" id=\"toggle_3659d0587f0b228df\"><a aria-expanded=\"false\" aria-controls=\"3659d0587f0b228df\" role=\"button\" data-toggle=\"collapse\" data-parent=\"#accordion-4676-1\" data-target=\"#3659d0587f0b228df\" href=\"#3659d0587f0b228df\"><span class=\"fusion-toggle-icon-wrapper\" aria-hidden=\"true\"><i class=\"fa-fusion-box active-icon awb-icon-minus\" aria-hidden=\"true\"><\/i><i class=\"fa-fusion-box inactive-icon awb-icon-plus\" aria-hidden=\"true\"><\/i><\/span><span class=\"fusion-toggle-heading\">7. Instalaci\u00f3n f\u00e1cil y r\u00e1pida<\/span><\/a><\/h4><\/div><div id=\"3659d0587f0b228df\" class=\"panel-collapse collapse \" araia-labelledby=\"toggle_3659d0587f0b228df\"><div class=\"panel-body toggle-content fusion-clearfix\">\n<p><img decoding=\"async\" src=\"https:\/\/www.protecciondebalcones.com\/site\/wp-content\/uploads\/7rpq_07.png\" alt=\"7rpq_07\" width=\"355\" height=\"222\"><\/p>\n<p style=\"text-align: justify;\">La instalaci\u00f3n profesional es r\u00e1pida y sencilla. La interrupci\u00f3n a su estilo de vida diario o calendario de trabajo es m\u00ednima.<\/p>\n<\/div><\/div><\/div>\n<\/div><\/div>\n<div class=\"fusion-clearfix\"><\/div><\/div><\/div>\n<div class=\"fusion-layout-column fusion_builder_column fusion-builder-column-1 fusion_builder_column_1_2 1_2 fusion-one-half fusion-column-last\" style=\"width:50%;width:calc(50% - ( ( 4% ) * 0.5 ) );margin-top:0px;margin-bottom:20px;\"><div class=\"fusion-column-wrapper fusion-flex-column-wrapper-legacy\" style=\"background-position:left top;background-repeat:no-repeat;-webkit-background-size:cover;-moz-background-size:cover;-o-background-size:cover;background-size:cover;padding: 0px 0px 0px 0px;\">\n\n<div class=\"wpcf7 no-js\" id=\"wpcf7-f4087-o1\" lang=\"es-ES\" dir=\"ltr\">\n<div class=\"screen-reader-response\"><p role=\"status\" aria-live=\"polite\" aria-atomic=\"true\"><\/p> <ul><\/ul><\/div>\n<form action=\"\/site\/wp-json\/wp\/v2\/pages\/4676#wpcf7-f4087-o1\" method=\"post\" class=\"wpcf7-form init\" aria-label=\"Formulario de contacto\" novalidate=\"novalidate\" data-status=\"init\">\n<div style=\"display: none;\">\n<input type=\"hidden\" name=\"_wpcf7\" value=\"4087\" \/>\n<input type=\"hidden\" name=\"_wpcf7_version\" value=\"5.7.7\" \/>\n<input type=\"hidden\" name=\"_wpcf7_locale\" value=\"es_ES\" \/>\n<input type=\"hidden\" name=\"_wpcf7_unit_tag\" value=\"wpcf7-f4087-o1\" \/>\n<input type=\"hidden\" name=\"_wpcf7_container_post\" value=\"0\" \/>\n<input type=\"hidden\" name=\"_wpcf7_posted_data_hash\" value=\"\" \/>\n<input type=\"hidden\" name=\"_wpcf7_recaptcha_response\" value=\"\" \/>\n<\/div>\n<p>Nombre (requerido)\n<\/p>\n<p><span class=\"wpcf7-form-control-wrap\" data-name=\"your-name\"><input size=\"40\" class=\"wpcf7-form-control wpcf7-text wpcf7-validates-as-required\" aria-required=\"true\" aria-invalid=\"false\" value=\"\" type=\"text\" name=\"your-name\" \/><\/span>\n<\/p>\n<p>E-mail (requerido)\n<\/p>\n<p><span class=\"wpcf7-form-control-wrap\" data-name=\"your-email\"><input size=\"40\" class=\"wpcf7-form-control wpcf7-text wpcf7-email wpcf7-validates-as-required wpcf7-validates-as-email\" aria-required=\"true\" aria-invalid=\"false\" value=\"\" type=\"email\" name=\"your-email\" \/><\/span>\n<\/p>\n<p>Tel\u00e9fono\n<\/p>\n<p><span class=\"wpcf7-form-control-wrap\" data-name=\"your-phone\"><input size=\"40\" class=\"wpcf7-form-control wpcf7-text\" aria-invalid=\"false\" value=\"\" type=\"text\" name=\"your-phone\" \/><\/span>\n<\/p>\n<p>*Consulta\n<\/p>\n<p><span class=\"wpcf7-form-control-wrap\" data-name=\"your-message\"><textarea cols=\"40\" rows=\"10\" class=\"wpcf7-form-control wpcf7-textarea\" aria-invalid=\"false\" name=\"your-message\"><\/textarea><\/span>\n<\/p>\n\n<p><input class=\"wpcf7-form-control has-spinner wpcf7-submit\" type=\"submit\" value=\"Enviar\" \/>\n<\/p>\n<p>* En el caso de solicitar presupuesto indicar ancho y alto de cada espacio a cubrir.\n<\/p><input type='hidden' class='wpcf7-pum' value='{\"closepopup\":false,\"closedelay\":0,\"openpopup\":false,\"openpopup_id\":0}' \/><div class=\"fusion-alert alert custom alert-custom fusion-alert-center wpcf7-response-output alert-dismissable\" role=\"alert\" style=\"border-width:1px;\"><div class=\"fusion-alert-content-wrapper\"><span class=\"fusion-alert-content\"><\/span><\/div><button type=\"button\" class=\"close toggle-alert\" data-dismiss=\"alert\" aria-label=\"Close\">&times;<\/button><\/div>\n<\/form>\n<\/div>\n\n<div class=\"fusion-clearfix\"><\/div><\/div><\/div>\n<div class=\"fusion-layout-column fusion_builder_column fusion-builder-column-2 fusion_builder_column_1_1 1_1 fusion-one-full fusion-column-first fusion-column-last fusion-column-no-min-height\" style=\"margin-top:0px;margin-bottom:0px;\"><div class=\"fusion-column-wrapper fusion-flex-column-wrapper-legacy\" style=\"background-position:left top;background-repeat:no-repeat;-webkit-background-size:cover;-moz-background-size:cover;-o-background-size:cover;background-size:cover;padding: 0px 0px 0px 0px;\"><div class=\"fusion-sep-clear\"><\/div><div class=\"fusion-separator fusion-full-width-sep\" style=\"margin-left: auto;margin-right: auto;margin-top:10px;margin-bottom:10px;width:100%;\"><div class=\"fusion-separator-border sep-shadow\" style=\"background:radial-gradient(ellipse at 50% -50% , #ffa200 0px, rgba(255, 255, 255, 0) 80%) repeat scroll 0 0 rgba(0, 0, 0, 0);background:-webkit-radial-gradient(ellipse at 50% -50% , #ffa200 0px, rgba(255, 255, 255, 0) 80%) repeat scroll 0 0 rgba(0, 0, 0, 0);background:-moz-radial-gradient(ellipse at 50% -50% , #ffa200 0px, rgba(255, 255, 255, 0) 80%) repeat scroll 0 0 rgba(0, 0, 0, 0);background:-o-radial-gradient(ellipse at 50% -50% , #ffa200 0px, rgba(255, 255, 255, 0) 80%) repeat scroll 0 0 rgba(0, 0, 0, 0);\"><\/div><\/div><div class=\"fusion-sep-clear\"><\/div>\n<p>&nbsp;<\/p>\n<p>Pago con tarjetas de cr\u00e9dito:<img decoding=\"async\" src=\"https:\/\/protecciondebalcones.com\/images\/tarj_01.png\" alt=\"\" width=\"313\" height=\"36\"> o en cualquier sucursal de <img decoding=\"async\" src=\"https:\/\/protecciondebalcones.com\/images\/tarj_03.png\" alt=\"\" width=\"36\" height=\"36\"> <img decoding=\"async\" class=\"alignnone size-full wp-image-4989\" src=\"https:\/\/www.protecciondebalcones.com\/site\/wp-content\/uploads\/logo-sodimac.jpg\" alt=\"\" width=\"36\" height=\"36\"> D\u00e9bito:<img decoding=\"async\" src=\"https:\/\/protecciondebalcones.com\/images\/tarj_02.png\" alt=\"\" width=\"112\" height=\"28\"><\/p>\n<div class=\"fusion-sep-clear\"><\/div><div class=\"fusion-separator fusion-full-width-sep\" style=\"margin-left: auto;margin-right: auto;margin-top:50px;margin-bottom:50px;width:100%;\"><\/div><div class=\"fusion-sep-clear\"><\/div><div class=\"fusion-clearfix\"><\/div><\/div><\/div><\/div><style type=\"text\/css\">.fusion-fullwidth.fusion-builder-row-1 { overflow:visible; }<\/style><\/div>\n","protected":false},"excerpt":{"rendered":"","protected":false},"author":1,"featured_media":0,"parent":0,"menu_order":0,"comment_status":"closed","ping_status":"closed","template":"","meta":[],"_links":{"self":[{"href":"https:\/\/www.protecciondebalcones.com\/site\/wp-json\/wp\/v2\/pages\/4676"}],"collection":[{"href":"https:\/\/www.protecciondebalcones.com\/site\/wp-json\/wp\/v2\/pages"}],"about":[{"href":"https:\/\/www.protecciondebalcones.com\/site\/wp-json\/wp\/v2\/types\/page"}],"author":[{"embeddable":true,"href":"https:\/\/www.protecciondebalcones.com\/site\/wp-json\/wp\/v2\/users\/1"}],"replies":[{"embeddable":true,"href":"https:\/\/www.protecciondebalcones.com\/site\/wp-json\/wp\/v2\/comments?post=4676"}],"version-history":[{"count":21,"href":"https:\/\/www.protecciondebalcones.com\/site\/wp-json\/wp\/v2\/pages\/4676\/revisions"}],"predecessor-version":[{"id":5276,"href":"https:\/\/www.protecciondebalcones.com\/site\/wp-json\/wp\/v2\/pages\/4676\/revisions\/5276"}],"wp:attachment":[{"href":"https:\/\/www.protecciondebalcones.com\/site\/wp-json\/wp\/v2\/media?parent=4676"}],"curies":[{"name":"wp","href":"https:\/\/api.w.org\/{rel}","templated":true}]}}