{"id":4693,"date":"2014-10-14T16:28:41","date_gmt":"2014-10-14T16:28:41","guid":{"rendered":"http:\/\/www.protecciondebalcones.com\/site\/?page_id=4693"},"modified":"2020-07-29T20:24:23","modified_gmt":"2020-07-29T23:24:23","slug":"todo-sobre-las-laminas","status":"publish","type":"page","link":"https:\/\/www.protecciondebalcones.com\/site\/todo-sobre-las-laminas\/","title":{"rendered":"Todo sobre las L\u00c1MINAS"},"content":{"rendered":"<div class=\"fusion-fullwidth fullwidth-box fusion-builder-row-1 hundred-percent-fullwidth non-hundred-percent-height-scrolling\" style=\"background-color: rgba(255,255,255,0);background-position: center center;background-repeat: no-repeat;padding-top:0px;padding-right:0px;padding-bottom:0px;padding-left:0px;margin-bottom: 0px;margin-top: 0px;border-width: 0px 0px 0px 0px;border-color:#eae9e9;border-style:solid;\" ><div class=\"fusion-builder-row fusion-row\"><div class=\"fusion-layout-column fusion_builder_column fusion-builder-column-0 fusion_builder_column_1_2 1_2 fusion-one-half fusion-column-first\" style=\"width:50%;width:calc(50% - ( ( 4% ) * 0.5 ) );margin-right: 4%;margin-top:0px;margin-bottom:20px;\"><div class=\"fusion-column-wrapper fusion-flex-column-wrapper-legacy\" style=\"background-position:left top;background-repeat:no-repeat;-webkit-background-size:cover;-moz-background-size:cover;-o-background-size:cover;background-size:cover;padding: 0px 0px 0px 0px;\">\n<p style=\"text-align: justify;\">Si no est\u00e1 familiarizado con el tema de l\u00e1minas para ventanas, esta secci\u00f3n le ofrece una buena descripci\u00f3n sobre c\u00f3mo funcionan las l\u00e1minas para ventanas, cu\u00e1les son los beneficios y le proporcionar\u00e1 informaci\u00f3n importante que debe tener en cuenta:<\/p>\n<style type=\"text\/css\">#accordion-4693-1 .fusion-panel:hover{ border-color: #ffa200 } #accordion-4693-1 .fusion-panel { border-color:#ffa200; }.fusion-accordian  #accordion-4693-1 .panel-title a .fa-fusion-box{ color: #ffffff;}.fusion-accordian  #accordion-4693-1 .panel-title a .fa-fusion-box:before{ font-size: 16px; width: 16px;}.fusion-accordian  #accordion-4693-1 .panel-title a{font-size:16px;color:#333333;font-family:'Trebuchet MS', Helvetica, sans-serif;font-weight:400;}.fusion-accordian  #accordion-4693-1 .toggle-content{font-size:15px;color:#3e3061;font-family:'Trebuchet MS', Helvetica, sans-serif;font-weight:400;}.fusion-accordian  #accordion-4693-1 .fa-fusion-box { background-color: #333333;border-color: #333333;}.fusion-accordian  #accordion-4693-1 .panel-title a:not(.active):hover, #accordion-4693-1 .fusion-toggle-boxed-mode:hover .panel-title a { color: #ffa200;}.fusion-accordian  #accordion-4693-1 .panel-title .active .fa-fusion-box,.fusion-accordian  #accordion-4693-1 .panel-title a:not(.active):hover .fa-fusion-box { background-color: #ffa200!important;border-color: #ffa200!important;}<\/style><div class=\"accordian fusion-accordian\"><div class=\"panel-group\" id=\"accordion-4693-1\">\n<style type=\"text\/css\">.fusion-accordian  #accordion-4693-1 .panel-8d059fc4f367a5829 .panel-title a{}.fusion-accordian  #accordion-4693-1 .panel-8d059fc4f367a5829 .toggle-content{}<\/style><div class=\"fusion-panel panel-default panel-8d059fc4f367a5829\"><div class=\"panel-heading\"><h4 class=\"panel-title toggle\" id=\"toggle_8d059fc4f367a5829\"><a aria-expanded=\"false\" aria-controls=\"8d059fc4f367a5829\" role=\"button\" data-toggle=\"collapse\" data-parent=\"#accordion-4693-1\" data-target=\"#8d059fc4f367a5829\" href=\"#8d059fc4f367a5829\"><span class=\"fusion-toggle-icon-wrapper\" aria-hidden=\"true\"><i class=\"fa-fusion-box active-icon awb-icon-minus\" aria-hidden=\"true\"><\/i><i class=\"fa-fusion-box inactive-icon awb-icon-plus\" aria-hidden=\"true\"><\/i><\/span><span class=\"fusion-toggle-heading\">1. C\u00f3mo funcionan las l\u00e1minas para ventanas<\/span><\/a><\/h4><\/div><div id=\"8d059fc4f367a5829\" class=\"panel-collapse collapse \" araia-labelledby=\"toggle_8d059fc4f367a5829\"><div class=\"panel-body toggle-content fusion-clearfix\">\n<p style=\"text-align: justify;\">Las l\u00e1minas para ventanas son l\u00e1minas de poli\u00e9ster autoadhesivo que se aplican a las superficies de cristal. Se utilizan como &#8220;modernizaci\u00f3n&#8221; de los cristales existentes en autom\u00f3viles, casas y edificios comerciales para mejorar el control solar, la seguridad y la apariencia.<\/p>\n<p style=\"text-align: justify;\">La radiaci\u00f3n solar se divide en 3 componentes: la luz visible que podemos ver, la infrarroja, la cual sentimos como calor, y los rayos ultravioleta, los cuales son invisibles. Cuando la radiaci\u00f3n solar golpea una pieza de cristal, la l\u00e1mina para ventanas act\u00faa como un &#8220;bloqueador solar&#8221; para bloquear los da\u00f1inos rayos UV, y regula los niveles de calor y luz que pasan a trav\u00e9s del cristal. La cantidad de luz y calor rechazada depende del tipo de l\u00e1mina para ventana seleccionado.<\/p>\n<p style=\"text-align: justify;\">Los siguientes son tipos comunes de l\u00e1minas para ventanas: las l\u00e1minas no reflectantes o tintadas principalmente absorben la energ\u00eda solar; las l\u00e1minas reflectantes o metalizadas que absorben y reflejan la energ\u00eda solar, y las l\u00e1minas de nano\/cer\u00e1mica, las cuales usan compuestos de tecnolog\u00eda avanzada para proporcionar un alto rendimiento.<\/p>\n<\/div><\/div><\/div>\n<style type=\"text\/css\">.fusion-accordian  #accordion-4693-1 .panel-53a33cfdf909b18ce .panel-title a{}.fusion-accordian  #accordion-4693-1 .panel-53a33cfdf909b18ce .toggle-content{}<\/style><div class=\"fusion-panel panel-default panel-53a33cfdf909b18ce\"><div class=\"panel-heading\"><h4 class=\"panel-title toggle\" id=\"toggle_53a33cfdf909b18ce\"><a aria-expanded=\"false\" aria-controls=\"53a33cfdf909b18ce\" role=\"button\" data-toggle=\"collapse\" data-parent=\"#accordion-4693-1\" data-target=\"#53a33cfdf909b18ce\" href=\"#53a33cfdf909b18ce\"><span class=\"fusion-toggle-icon-wrapper\" aria-hidden=\"true\"><i class=\"fa-fusion-box active-icon awb-icon-minus\" aria-hidden=\"true\"><\/i><i class=\"fa-fusion-box inactive-icon awb-icon-plus\" aria-hidden=\"true\"><\/i><\/span><span class=\"fusion-toggle-heading\">2. Cuidados y mantenimiento<\/span><\/a><\/h4><\/div><div id=\"53a33cfdf909b18ce\" class=\"panel-collapse collapse \" araia-labelledby=\"toggle_53a33cfdf909b18ce\"><div class=\"panel-body toggle-content fusion-clearfix\">\n<p style=\"text-align: justify;\">Despu\u00e9s de colocar una l\u00e1mina para ventana, es muy com\u00fan ver un aspecto ligeramente brumoso y\/o peque\u00f1as bolsas de agua. Esto forma parte del proceso de adherencia del adhesivo llamado &#8220;endurecimiento&#8221;. En funci\u00f3n del tipo de l\u00e1mina y las condiciones meteorol\u00f3gicas, el endurecimiento total de la l\u00e1mina puede tardar hasta 30 d\u00edas. El proceso de endurecimiento es lento porque el agua restante empleada en la instalaci\u00f3n se debe evaporar a trav\u00e9s de la l\u00e1mina. Las l\u00e1minas sputtered y las de alta seguridad son las que m\u00e1s tardan en secarse; adem\u00e1s, estas son las que necesitan m\u00e1s tiempo para que desaparezca el aspecto brumoso.<\/p>\n<p style=\"text-align: justify;\">Una vez que la l\u00e1mina se haya secado y endurecido, se podr\u00e1 limpiar la l\u00e1mina sin ning\u00fan problema. El mejor limpiador es una simple soluci\u00f3n de agua con un poco de jab\u00f3n. Limpie la ventana y despu\u00e9s s\u00e9quela con movimientos superpuestos con un escurridor como si estuviese limpiando el exterior de las ventanas de un coche. Tambi\u00e9n puede limpiar la superficie de la l\u00e1mina con cualquier limpiador para vidrios de intensidad est\u00e1ndar. Los productos con amoniaco no da\u00f1ar\u00e1n la l\u00e1mina si se usan en cantidades razonables y si no deja que la l\u00e1mina quede empapada. No utilice productos de limpieza abrasivos, limpiacristales de uso industrial ni ninguna otra herramienta de limpieza de ventanas que pueda rayar la l\u00e1mina para ventanas. No olvide que la superficie de la l\u00e1mina tiene un revestimiento resistente a ara\u00f1azos pero no es un revestimiento a prueba de ara\u00f1azos.<i><\/i><\/p>\n<\/div><\/div><\/div>\n<style type=\"text\/css\">.fusion-accordian  #accordion-4693-1 .panel-88979ab32a1ebc71b .panel-title a{}.fusion-accordian  #accordion-4693-1 .panel-88979ab32a1ebc71b .toggle-content{}<\/style><div class=\"fusion-panel panel-default panel-88979ab32a1ebc71b\"><div class=\"panel-heading\"><h4 class=\"panel-title toggle\" id=\"toggle_88979ab32a1ebc71b\"><a aria-expanded=\"false\" aria-controls=\"88979ab32a1ebc71b\" role=\"button\" data-toggle=\"collapse\" data-parent=\"#accordion-4693-1\" data-target=\"#88979ab32a1ebc71b\" href=\"#88979ab32a1ebc71b\"><span class=\"fusion-toggle-icon-wrapper\" aria-hidden=\"true\"><i class=\"fa-fusion-box active-icon awb-icon-minus\" aria-hidden=\"true\"><\/i><i class=\"fa-fusion-box inactive-icon awb-icon-plus\" aria-hidden=\"true\"><\/i><\/span><span class=\"fusion-toggle-heading\">3. C\u00f3mo afecta la l\u00e1mina para ventanas al cristal<\/span><\/a><\/h4><\/div><div id=\"88979ab32a1ebc71b\" class=\"panel-collapse collapse \" araia-labelledby=\"toggle_88979ab32a1ebc71b\"><div class=\"panel-body toggle-content fusion-clearfix\">\n<p style=\"text-align: justify;\">El cristal se ha dise\u00f1ado para actuar como una barrera contra los elementos exteriores (tales como el viento, la lluvia y la nieve), al tiempo que ofrece una vista natural del mundo exterior. Cuando la energ\u00eda solar o la luz del sol, compuesta de calor, luz y rayos UV, golpean una ventana sin tratar, casi el 90 % de la energ\u00eda pasa a trav\u00e9s del cristal.<\/p>\n<p style=\"text-align: justify;\">Por lo contrario, despu\u00e9s de aplicar la l\u00e1mina de control solar sobre el cristal se puede bloquear casi el 80 % de la energ\u00eda solar. Los tintes, metales o nanotecnolog\u00eda especiales dentro de la l\u00e1mina act\u00faan como una barrera de la energ\u00eda solar ya que absorben o reflejan un porcentaje de la energ\u00eda para que no pase a trav\u00e9s del cristal.<\/p>\n<p style=\"text-align: justify;\">El nivel de absorci\u00f3n y reflectancia depende de la estructura de la l\u00e1mina. Las l\u00e1minas tintadas no contienen metal y se considera que son no reflectantes porque solo absorben la energ\u00eda solar. No son tan efectivas en cuanto al control de calor solar y luz pues no proporcionan reflectancia solar. Por otro lado, las l\u00e1minas metalizadas o nano proporcionan absorci\u00f3n y reflectancia solar. Estas l\u00e1minas ofrecen un control solar considerablemente mejor porque sus caracter\u00edsticas de construcci\u00f3n controlan el calor y la luz que pasan a trav\u00e9s de la superficie del cristal.<\/p>\n<p style=\"text-align: justify;\">Consulte con un profesional de Johnson Window Films para descubrir las mejores l\u00e1minas que se adaptan a sus necesidades.<\/p>\n<\/div><\/div><\/div>\n<style type=\"text\/css\">.fusion-accordian  #accordion-4693-1 .panel-2e8cbd3c94d91998b .panel-title a{}.fusion-accordian  #accordion-4693-1 .panel-2e8cbd3c94d91998b .toggle-content{}<\/style><div class=\"fusion-panel panel-default panel-2e8cbd3c94d91998b\"><div class=\"panel-heading\"><h4 class=\"panel-title toggle\" id=\"toggle_2e8cbd3c94d91998b\"><a aria-expanded=\"false\" aria-controls=\"2e8cbd3c94d91998b\" role=\"button\" data-toggle=\"collapse\" data-parent=\"#accordion-4693-1\" data-target=\"#2e8cbd3c94d91998b\" href=\"#2e8cbd3c94d91998b\"><span class=\"fusion-toggle-icon-wrapper\" aria-hidden=\"true\"><i class=\"fa-fusion-box active-icon awb-icon-minus\" aria-hidden=\"true\"><\/i><i class=\"fa-fusion-box inactive-icon awb-icon-plus\" aria-hidden=\"true\"><\/i><\/span><span class=\"fusion-toggle-heading\">4. Variedad de usos<\/span><\/a><\/h4><\/div><div id=\"2e8cbd3c94d91998b\" class=\"panel-collapse collapse \" araia-labelledby=\"toggle_2e8cbd3c94d91998b\"><div class=\"panel-body toggle-content fusion-clearfix\">\n<p style=\"text-align: justify;\">Una de las principales razones por la que la gente elige instalar l\u00e1minas para ventanas es que buscan controlar los efectos negativos del sol tales como el calor, los reflejos, los rayos UV y la decoloraci\u00f3n. Al minimizar el calor, la l\u00e1mina para ventanas puede reducir los gastos de aire acondicionado y aumentar la comodidad en el coche, hogar y oficina. La reducci\u00f3n de la luz cegadora ayuda a mejorar la visibilidad y reducir la fatiga visual. Al rechazar los rayos UV, la l\u00e1mina para ventanas ayuda a proteger su piel y ojos, y ralentiza la decoloraci\u00f3n del mobiliario interior, alfombras, obras de arte y otras pertenencias de valor. Existe una variedad de tonos o colores de l\u00e1minas para ventanas que pueden mejorar el aspecto de las ventanas y complementar el dise\u00f1o de una casa u oficina. La l\u00e1mina para ventanas tambi\u00e9n puede proporcionar mayor privacidad. Los accidentes con cristal pueden crear situaciones peligrosas, especialmente en los hogares con ni\u00f1os. La l\u00e1mina de seguridad retiene eficazmente los cristales rotos, por lo que reduce considerablemente la posibilidad de lesiones. Las l\u00e1minas protectoras Trident&#x2122; est\u00e1n disponibles para ayudar a prevenir el vandalismo y los robos. A pesar de que no pueden evitar por completo que alguien rompa el cristal, el espesor de la l\u00e1mina hace que sea m\u00e1s dif\u00edcil y requiere m\u00e1s tiempo para romper el cristal. El reemplazo de cristal antigrafiti es costoso. Muchos propietarios de edificios comerciales eligen l\u00e1minas desmontables antigrafiti para proteger los cristales de los da\u00f1os causados por el grafiti y grabados. Otros usos comerciales incluyen: vitrinas, cabinas de ba\u00f1o, espejos, puertas de ascensor y la mayor\u00eda de las superficies no porosas. Hable con su especialista local de Johnson Window Films para encontrar el estilo adecuado para sus necesidades.<\/p>\n<\/div><\/div><\/div>\n<style type=\"text\/css\">.fusion-accordian  #accordion-4693-1 .panel-b5a48d7a6bc8b9f27 .panel-title a{}.fusion-accordian  #accordion-4693-1 .panel-b5a48d7a6bc8b9f27 .toggle-content{}<\/style><div class=\"fusion-panel panel-default panel-b5a48d7a6bc8b9f27\"><div class=\"panel-heading\"><h4 class=\"panel-title toggle\" id=\"toggle_b5a48d7a6bc8b9f27\"><a aria-expanded=\"false\" aria-controls=\"b5a48d7a6bc8b9f27\" role=\"button\" data-toggle=\"collapse\" data-parent=\"#accordion-4693-1\" data-target=\"#b5a48d7a6bc8b9f27\" href=\"#b5a48d7a6bc8b9f27\"><span class=\"fusion-toggle-icon-wrapper\" aria-hidden=\"true\"><i class=\"fa-fusion-box active-icon awb-icon-minus\" aria-hidden=\"true\"><\/i><i class=\"fa-fusion-box inactive-icon awb-icon-plus\" aria-hidden=\"true\"><\/i><\/span><span class=\"fusion-toggle-heading\">5. Mito frente a realidad de las l\u00e1minas para ventanas<\/span><\/a><\/h4><\/div><div id=\"b5a48d7a6bc8b9f27\" class=\"panel-collapse collapse \" araia-labelledby=\"toggle_b5a48d7a6bc8b9f27\"><div class=\"panel-body toggle-content fusion-clearfix\">\n<p style=\"text-align: justify;\"><b>Mito:<\/b>&nbsp;La l\u00e1mina para ventanas impedir\u00e1 al 100 % la decoloraci\u00f3n de los muebles en el interior.<br \/>\n<b>Realidad:<\/b>&nbsp;Aunque la l\u00e1mina para ventanas contribuye considerablemente a reducir la decoloraci\u00f3n causada por los da\u00f1inos rayos UV (bloquea el 99 % o m\u00e1s), el calor solar (reduce hasta el 82 %) y luz visible, no puede eliminar al 100 % los efectos deteriorantes del sol. La l\u00e1mina para ventanas es una soluci\u00f3n eficaz para reducir la decoloraci\u00f3n en comparaci\u00f3n con un cristal sin l\u00e1mina.<\/p>\n<p style=\"text-align: justify;\"><b>Mito:<\/b>&nbsp;La l\u00e1mina para ventanas arruinar\u00e1 la vista<br \/>\n<b>Realidad:<\/b>&nbsp;Aunque una l\u00e1mina oscura o reflectante puede reducir la visibilidad si se mira desde afuera hacia adentro de un coche, casa u oficina, no es lo mismo cuando se mira desde adentro hacia afuera. Esto se debe a la agudeza visual con la que el ojo humano se ajusta a la cantidad de luz que recibe, lo que le permite ver el exterior, incluso con transmisi\u00f3n de luz reducida.<\/p>\n<p style=\"text-align: justify;\"><b>Mito:<\/b>&nbsp;La l\u00e1mina de seguridad resiste las balas y los huracanes<br \/>\n<b>Realidad:<\/b>&nbsp;Muchas empresas aseguran que la l\u00e1mina para ventanas de seguridad proteger\u00e1 el cristal de fuerzas extremas como huracanes e, incluso, balas. Las pruebas utilizadas para promover estas declaraciones a menudo se realizan con cristal con \u00bd pulgada de grosor y varias capas de l\u00e1minas de seguridad &#8211; es decir, bajo situaciones poco comunes. En general, el grosor de la mayor\u00eda de los cristales instalados var\u00eda entre 1\/8 pulgada hasta \u00bc de pulgada. &nbsp;No existe una l\u00e1mina para ventanas que pueda detener una bala en un cristal est\u00e1ndar. Adem\u00e1s, la expresi\u00f3n &#8220;a prueba de huracanes&#8221; es totalmente err\u00f3nea. Si un hurac\u00e1n puede arrancar un tejado, es l\u00f3gico que tambi\u00e9n pueda destruir una ventana de cristal. Las l\u00e1minas para ventanas de seguridad est\u00e1n dise\u00f1adas para reducir las lesiones y los da\u00f1os al retener el cristal en una sola pieza despu\u00e9s de romperse.<\/p>\n<p style=\"text-align: justify;\"><b>Mito:<\/b>&nbsp;Cualquier persona puede instalar las l\u00e1minas para ventanas<br \/>\n<b>Realidad:<\/b>&nbsp;La instalaci\u00f3n de las l\u00e1minas para ventanas puede parecer relativamente f\u00e1cil; sin embargo, hay numerosas circunstancias que pueden provocar una instalaci\u00f3n poco profesional. Es muy f\u00e1cil que la l\u00e1mina se contamine con suciedad, polvo o pelo, lo que arruinar\u00eda la l\u00e1mina y la experiencia satisfactoria. Un instalador profesional tiene experiencia en las t\u00e9cnicas de preparaci\u00f3n e instalaci\u00f3n adecuadas para prevenir la contaminaci\u00f3n u otros problemas con la l\u00e1mina, y asegurar una instalaci\u00f3n de calidad.<\/p>\n<\/div><\/div><\/div>\n<\/div><\/div>\n<div class=\"fusion-clearfix\"><\/div><\/div><\/div>\n<div class=\"fusion-layout-column fusion_builder_column fusion-builder-column-1 fusion_builder_column_1_2 1_2 fusion-one-half fusion-column-last\" style=\"width:50%;width:calc(50% - ( ( 4% ) * 0.5 ) );margin-top:0px;margin-bottom:20px;\"><div class=\"fusion-column-wrapper fusion-flex-column-wrapper-legacy\" style=\"background-position:left top;background-repeat:no-repeat;-webkit-background-size:cover;-moz-background-size:cover;-o-background-size:cover;background-size:cover;padding: 0px 0px 0px 0px;\">\n\n<div class=\"wpcf7 no-js\" id=\"wpcf7-f4087-o1\" lang=\"es-ES\" dir=\"ltr\">\n<div class=\"screen-reader-response\"><p role=\"status\" aria-live=\"polite\" aria-atomic=\"true\"><\/p> <ul><\/ul><\/div>\n<form action=\"\/site\/wp-json\/wp\/v2\/pages\/4693#wpcf7-f4087-o1\" method=\"post\" class=\"wpcf7-form init\" aria-label=\"Formulario de contacto\" novalidate=\"novalidate\" data-status=\"init\">\n<div style=\"display: none;\">\n<input type=\"hidden\" name=\"_wpcf7\" value=\"4087\" \/>\n<input type=\"hidden\" name=\"_wpcf7_version\" value=\"5.7.7\" \/>\n<input type=\"hidden\" name=\"_wpcf7_locale\" value=\"es_ES\" \/>\n<input type=\"hidden\" name=\"_wpcf7_unit_tag\" value=\"wpcf7-f4087-o1\" \/>\n<input type=\"hidden\" name=\"_wpcf7_container_post\" value=\"0\" \/>\n<input type=\"hidden\" name=\"_wpcf7_posted_data_hash\" value=\"\" \/>\n<input type=\"hidden\" name=\"_wpcf7_recaptcha_response\" value=\"\" \/>\n<\/div>\n<p>Nombre (requerido)\n<\/p>\n<p><span class=\"wpcf7-form-control-wrap\" data-name=\"your-name\"><input size=\"40\" class=\"wpcf7-form-control wpcf7-text wpcf7-validates-as-required\" aria-required=\"true\" aria-invalid=\"false\" value=\"\" type=\"text\" name=\"your-name\" \/><\/span>\n<\/p>\n<p>E-mail (requerido)\n<\/p>\n<p><span class=\"wpcf7-form-control-wrap\" data-name=\"your-email\"><input size=\"40\" class=\"wpcf7-form-control wpcf7-text wpcf7-email wpcf7-validates-as-required wpcf7-validates-as-email\" aria-required=\"true\" aria-invalid=\"false\" value=\"\" type=\"email\" name=\"your-email\" \/><\/span>\n<\/p>\n<p>Tel\u00e9fono\n<\/p>\n<p><span class=\"wpcf7-form-control-wrap\" data-name=\"your-phone\"><input size=\"40\" class=\"wpcf7-form-control wpcf7-text\" aria-invalid=\"false\" value=\"\" type=\"text\" name=\"your-phone\" \/><\/span>\n<\/p>\n<p>*Consulta\n<\/p>\n<p><span class=\"wpcf7-form-control-wrap\" data-name=\"your-message\"><textarea cols=\"40\" rows=\"10\" class=\"wpcf7-form-control wpcf7-textarea\" aria-invalid=\"false\" name=\"your-message\"><\/textarea><\/span>\n<\/p>\n\n<p><input class=\"wpcf7-form-control has-spinner wpcf7-submit\" type=\"submit\" value=\"Enviar\" \/>\n<\/p>\n<p>* En el caso de solicitar presupuesto indicar ancho y alto de cada espacio a cubrir.\n<\/p><input type='hidden' class='wpcf7-pum' value='{\"closepopup\":false,\"closedelay\":0,\"openpopup\":false,\"openpopup_id\":0}' \/><div class=\"fusion-alert alert custom alert-custom fusion-alert-center wpcf7-response-output alert-dismissable\" role=\"alert\" style=\"border-width:1px;\"><div class=\"fusion-alert-content-wrapper\"><span class=\"fusion-alert-content\"><\/span><\/div><button type=\"button\" class=\"close toggle-alert\" data-dismiss=\"alert\" aria-label=\"Close\">&times;<\/button><\/div>\n<\/form>\n<\/div>\n\n<div class=\"fusion-clearfix\"><\/div><\/div><\/div>\n<div class=\"fusion-layout-column fusion_builder_column fusion-builder-column-2 fusion_builder_column_1_1 1_1 fusion-one-full fusion-column-first fusion-column-last fusion-column-no-min-height\" style=\"margin-top:0px;margin-bottom:0px;\"><div class=\"fusion-column-wrapper fusion-flex-column-wrapper-legacy\" style=\"background-position:left top;background-repeat:no-repeat;-webkit-background-size:cover;-moz-background-size:cover;-o-background-size:cover;background-size:cover;padding: 0px 0px 0px 0px;\"><div class=\"fusion-sep-clear\"><\/div><div class=\"fusion-separator fusion-full-width-sep\" style=\"margin-left: auto;margin-right: auto;margin-top:10px;margin-bottom:10px;width:100%;\"><div class=\"fusion-separator-border sep-shadow\" style=\"background:radial-gradient(ellipse at 50% -50% , #ffa200 0px, rgba(255, 255, 255, 0) 80%) repeat scroll 0 0 rgba(0, 0, 0, 0);background:-webkit-radial-gradient(ellipse at 50% -50% , #ffa200 0px, rgba(255, 255, 255, 0) 80%) repeat scroll 0 0 rgba(0, 0, 0, 0);background:-moz-radial-gradient(ellipse at 50% -50% , #ffa200 0px, rgba(255, 255, 255, 0) 80%) repeat scroll 0 0 rgba(0, 0, 0, 0);background:-o-radial-gradient(ellipse at 50% -50% , #ffa200 0px, rgba(255, 255, 255, 0) 80%) repeat scroll 0 0 rgba(0, 0, 0, 0);\"><\/div><\/div><div class=\"fusion-sep-clear\"><\/div>\n<p>&nbsp;<\/p>\n<p>Pago con tarjetas de cr\u00e9dito:<img decoding=\"async\" src=\"https:\/\/protecciondebalcones.com\/images\/tarj_01.png\" alt=\"\" width=\"313\" height=\"36\"> o en cualquier sucursal de <img decoding=\"async\" src=\"https:\/\/protecciondebalcones.com\/images\/tarj_03.png\" alt=\"\" width=\"36\" height=\"36\"> <img decoding=\"async\" class=\"alignnone size-full wp-image-4989\" src=\"https:\/\/www.protecciondebalcones.com\/site\/wp-content\/uploads\/logo-sodimac.jpg\" alt=\"\" width=\"36\" height=\"36\"> D\u00e9bito:<img decoding=\"async\" src=\"https:\/\/protecciondebalcones.com\/images\/tarj_02.png\" alt=\"\" width=\"112\" height=\"28\"><\/p>\n<div class=\"fusion-sep-clear\"><\/div><div class=\"fusion-separator fusion-full-width-sep\" style=\"margin-left: auto;margin-right: auto;margin-top:50px;margin-bottom:50px;width:100%;\"><\/div><div class=\"fusion-sep-clear\"><\/div><div class=\"fusion-clearfix\"><\/div><\/div><\/div><\/div><style type=\"text\/css\">.fusion-fullwidth.fusion-builder-row-1 { overflow:visible; }<\/style><\/div>\n","protected":false},"excerpt":{"rendered":"","protected":false},"author":1,"featured_media":0,"parent":0,"menu_order":0,"comment_status":"closed","ping_status":"closed","template":"","meta":[],"_links":{"self":[{"href":"https:\/\/www.protecciondebalcones.com\/site\/wp-json\/wp\/v2\/pages\/4693"}],"collection":[{"href":"https:\/\/www.protecciondebalcones.com\/site\/wp-json\/wp\/v2\/pages"}],"about":[{"href":"https:\/\/www.protecciondebalcones.com\/site\/wp-json\/wp\/v2\/types\/page"}],"author":[{"embeddable":true,"href":"https:\/\/www.protecciondebalcones.com\/site\/wp-json\/wp\/v2\/users\/1"}],"replies":[{"embeddable":true,"href":"https:\/\/www.protecciondebalcones.com\/site\/wp-json\/wp\/v2\/comments?post=4693"}],"version-history":[{"count":15,"href":"https:\/\/www.protecciondebalcones.com\/site\/wp-json\/wp\/v2\/pages\/4693\/revisions"}],"predecessor-version":[{"id":5275,"href":"https:\/\/www.protecciondebalcones.com\/site\/wp-json\/wp\/v2\/pages\/4693\/revisions\/5275"}],"wp:attachment":[{"href":"https:\/\/www.protecciondebalcones.com\/site\/wp-json\/wp\/v2\/media?parent=4693"}],"curies":[{"name":"wp","href":"https:\/\/api.w.org\/{rel}","templated":true}]}}