{"id":5120,"date":"2017-05-15T22:09:32","date_gmt":"2017-05-15T22:09:32","guid":{"rendered":"http:\/\/www.protecciondebalcones.com\/site\/?page_id=5120"},"modified":"2020-07-29T20:18:27","modified_gmt":"2020-07-29T23:18:27","slug":"politicas-de-privacidad","status":"publish","type":"page","link":"https:\/\/www.protecciondebalcones.com\/site\/politicas-de-privacidad\/","title":{"rendered":"Pol\u00edticas de Privacidad"},"content":{"rendered":"<p style=\"text-align: justify;\"><strong>Protegemos su informaci\u00f3n y datos personales<\/strong><br \/>\nLimite Vertical S.R.L. (en adelante \u201cL\u00edmite Vertical\u201d), en virtud de su actividad comercial, recoger\u00e1, almacenar\u00e1 y, en algunos casos, comunicar\u00e1 informaci\u00f3n sobre los usuarios de su sitio web (en adelante los \u201cUsuarios\u201d).<br \/>\n<strong>1. Protegi\u00e9ndolo<\/strong><br \/>\nL\u00edmite Vertical se compromete a proteger la privacidad de la informaci\u00f3n y datos personales de los Usuarios. En el presente documento se describe la informaci\u00f3n que L\u00edmite Vertical recoge sobre sus Usuarios y lo que puede ocurrir con dicha informaci\u00f3n (en adelante las \u201cPol\u00edticas de Privacidad\u201d). Si no est\u00e1 de acuerdo con las Pol\u00edticas de Privacidad, por favor no utilice este sitio web.<br \/>\nNuestras Pol\u00edticas de Privacidad aseguran al Usuario que cualquier informaci\u00f3n que se provea ser\u00e1 mantenida en forma privada y segura. Para dar fe de esto, las Pol\u00edticas de Privacidad describen los detalles la informaci\u00f3n que se recaba y la manera en que se utiliza. Nunca se recolectar\u00e1 informaci\u00f3n sin consentimiento expreso del Usuario.<br \/>\n<strong>2. La informaci\u00f3n que recabamos<\/strong><br \/>\nL\u00edmite Vertical recaba informaci\u00f3n de identificaci\u00f3n personal (\u201cIIP\u201d), la cual se cede voluntariamente durante el proceso de registraci\u00f3n o en respuesta a ciertos requerimientos. L\u00edmite Vertical tambi\u00e9n podr\u00e1 recabar su direcci\u00f3n de IP (Internet Protocol) para ayudar a diagnosticar problemas con nuestro servidor, y para administrar el sitio web. Una direcci\u00f3n de IP es un n\u00famero que se le asigna a su computadora cuando usa internet. Su direcci\u00f3n de IP tambi\u00e9n es utilizada para ayudar a identificarle dentro de una sesi\u00f3n particular y para recolectar informaci\u00f3n demogr\u00e1fica general.<br \/>\nL\u00edmite Vertical podr\u00e1 solicitarle al Usuario su e-mail durante la utilizaci\u00f3n del sitio web. Adem\u00e1s, para utilizar la \u201cTienda on Oline\u201d se podr\u00e1 solicitar la siguiente informaci\u00f3n: nombre y apellido, domicilio, direcci\u00f3n de e-mail, fecha de nacimiento, n\u00famero telef\u00f3nico y detalles sobre el m\u00e9todo de pago.<br \/>\nEl Usuario garantiza que los datos personales y la informaci\u00f3n facilitada a L\u00edmite Vertical son veraces y se hace responsable de comunicar a \u00e9sta cualquier modificaci\u00f3n en los mismos. Asimismo, el Usuario puede modificar sus datos personales en cualquier momento, accediendo directamente al sitio web.<br \/>\nL\u00edmite Vertical establece que en cualquier momento el Usuario podr\u00e1 solicitar la baja de su solicitud y la eliminaci\u00f3n de su cuenta e informaci\u00f3n de la base de datos de L\u00edmite Vertical. L\u00edmite Vertical recoge y almacena autom\u00e1ticamente cierta informaci\u00f3n sobre la actividad del Usuario dentro de nuestro sitio web. Tal informaci\u00f3n puede incluir la URL de la que provienen (est\u00e9n o no en nuestro sitio web), a qu\u00e9 URL acceden seguidamente (est\u00e9n o no en nuestro sitio web), qu\u00e9 navegador est\u00e1n usando, as\u00ed como tambi\u00e9n las p\u00e1ginas visitadas, las b\u00fasquedas realizadas, las publicaciones, compras o ventas, mensajes, etc.<br \/>\nEl Usuario tiene derechos de acceso, cancelaci\u00f3n, rectificaci\u00f3n y oposici\u00f3n, as\u00ed como el derecho a ser informado de los permisos de acceso realizados contact\u00e1ndose con L\u00edmite Vertical a trav\u00e9s del correo electr\u00f3nico: notificaciones@protecciondebalcones.com. De conformidad con lo dispuesto por la normativa aplicable (Disposici\u00f3n DNPDP 10\/2008) se le informa lo siguiente: &#8220;El titular de los datos personales tiene la facultad de ejercer el derecho de acceso a los mismos en forma gratuita a intervalos no inferiores a seis meses, salvo que se acredite un inter\u00e9s leg\u00edtimo al efecto conforme lo establecido en el art\u00edculo 14, inciso 3 de la Ley N\u00ba 25.326. La DIRECCI\u00d3N NACIONAL DE PROTECCION DE DATOS PERSONALES, \u00d3rgano de Control de la Ley N\u00ba 25.326, tiene la atribuci\u00f3n de atender las denuncias y reclamos que se interpongan con relaci\u00f3n al incumplimiento de las normas sobre protecci\u00f3n de datos personales&#8221;.<br \/>\n<span style=\"color: #3e3061;\"><strong>3. Uso que hacemos de la informaci\u00f3n<\/strong><\/span><br \/>\nPara suministrar un excelente servicio y para que el Usuario pueda realizar operaciones en forma \u00e1gil y segura, L\u00edmite Vertical requiere ciertos datos de car\u00e1cter personal. La recolecci\u00f3n de informaci\u00f3n permite ofrecer servicios y funcionalidades que se adecuan mejor a las necesidades del Usuario. Asimismo le permite a L\u00edmite Vertical hacerle llegar al Usuario por distintos medios y v\u00edas (incluyendo mail, SMS, etc.) ofertas de productos y servicios que creemos pueden serle de inter\u00e9s. Los datos personales que recabamos tienen las siguientes finalidades:<br \/>\na) Proceder a la facturaci\u00f3n y cobro de los productos adquirido por el Usuario.<br \/>\nb) Ponernos en contacto directo con el Usuario cada vez que L\u00edmite Vertical lo considere conveniente con el fin de ofrecerle por distintos medios y v\u00edas (incluyendo mail, SMS, etc.) otros productos y\/o servicios.<br \/>\nc) Desarrollar estudios internos sobre los intereses, comportamientos y demograf\u00eda del Usuario con el objetivo de comprender mejor las necesidades e intereses y darle un mejor servicio o proveerle informaci\u00f3n relacionada.<br \/>\nd) Mejorar nuestras iniciativas comerciales y promocionales para analizar las p\u00e1ginas m\u00e1s visitadas por el Usuario, las b\u00fasquedas realizadas, perfeccionar nuestra oferta de contenidos, personalizar dichos contenidos, presentaci\u00f3n y servicios.<br \/>\ne) Enviar informaci\u00f3n o mensajes sobre nuevos productos y\/o servicios, mostrar publicidad o promociones, banners, de inter\u00e9s para nuestros Usuarios, noticias sobre L\u00edmite Vertical, adem\u00e1s de toda otra informaci\u00f3n que creamos conveniente. Si el Usuario lo prefiere, puede solicitar que lo excluyan de las listas para el env\u00edo de informaci\u00f3n promocional o publicitaria.<br \/>\nf) Compartir los datos personales con empresas de servicios o empresas de &#8220;outsourcing&#8221; que contribuyan a mejorar o a facilitar las operaciones a trav\u00e9s de L\u00edmite Vertical, como (sin limitarse a) medios de pago, seguros o intermediarios en la gesti\u00f3n de pagos, entre otros. Estas compa\u00f1\u00edas o sitios de Internet generalmente tienen pol\u00edticas sobre confidencialidad de la informaci\u00f3n similar a las nuestras. Sin embargo, L\u00edmite Vertical har\u00e1 sus mayores esfuerzos para que se cumplan est\u00e1ndares m\u00ednimos, mediante la firma de acuerdos o convenios cuyo objeto sea la privacidad de los Datos Personales de nuestros Usuarios. No obstante, las empresas de servicios o empresas de \u201coutsourcing\u201d ser\u00e1n responsables por el uso indebido de los datos personales del Usuario. En algunos casos, estos proveedores de servicios ser\u00e1n quienes recojan informaci\u00f3n directamente del Usuario (por ejemplo si les solicitamos que realicen encuestas o estudios). En caso de el Usuario facilite, por propia iniciativa informaci\u00f3n adicional a dichos prestadores de servicios directamente, tales prestadores usar\u00e1n esa informaci\u00f3n conforme a sus propias pol\u00edticas de privacidad.<br \/>\ng) Suministrar los datos personales del Usuario a las entidades que intervengan en la resoluci\u00f3n de disputas entre los mismos, tales como: compa\u00f1\u00edas de seguros o tribunales competentes para solucionar tales disputas.<br \/>\n<span style=\"color: #3e3061;\"><strong>4. Confidencialidad de la informaci\u00f3n<\/strong><\/span><br \/>\nLos datos del Usuario ser\u00e1n suministrados \u00fanicamente por L\u00edmite Vertical en las formas establecidas en estas Pol\u00edticas de Privacidad. L\u00edmite Vertical har\u00e1 sus mayores esfuerzos para proteger la privacidad de la informaci\u00f3n en la medida que lo permita la ley aplicable. Puede suceder que en virtud de \u00f3rdenes judiciales, o de regulaciones legales, L\u00edmite Vertical se vea compelido a revelar informaci\u00f3n a las autoridades o terceras partes bajo ciertas circunstancias, o bien en casos que terceras partes puedan interceptar o acceder a cierta informaci\u00f3n o transmisiones de datos en cuyo caso L\u00edmite Vertical no responder\u00e1 por la informaci\u00f3n que sea revelada.<br \/>\n5. Transferencia internacional de la informaci\u00f3n<br \/>\nL\u00edmite Vertical no compartir\u00e1, ceder\u00e1 ni transferir\u00e1 su informaci\u00f3n personal a terceros, salvo en los casos previstos en la presente Pol\u00edtica de Privacidad. Usted consiente en forma expresa que L\u00edmite Vertical podr\u00e1 transferir, total o parcialmente, su informaci\u00f3n personal a empresas controladas, controlantes y\/o vinculadas, asesores profesionales, entidades gubernamentales y\/o prestadores de servicios, en la medida necesaria para el cumplimiento de las finalidades descriptas en la presente Pol\u00edtica de Privacidad y\/o obligaciones legales. L\u00edmite Vertical se compromete a compartir su informaci\u00f3n personal \u00fanicamente a los efectos del cumplimiento de las finalidades antes mencionadas y cumpliendo con todas las obligaciones previstas en la normativa aplicable.<br \/>\n<span style=\"color: #3e3061;\"><strong>6. Menores de Edad<\/strong><\/span><br \/>\nNuestros servicios s\u00f3lo est\u00e1n disponibles para aquellas personas que tengan capacidad legal para contratar. Por lo tanto, aquellos que no cumplan con esta condici\u00f3n deber\u00e1n abstenerse de suministrar informaci\u00f3n personal para ser incluida en nuestras bases de datos. Sin embargo, pueden hacerlo a trav\u00e9s de los padres, tutores o curadores, conforme lo establecido en nuestros T\u00e9rminos y Condiciones.<br \/>\n<span style=\"color: #3e3061;\"><strong>7. Cookies<\/strong><\/span><br \/>\nEl Usuario del sitio web de L\u00edmite Vertical conoce y acepta que L\u00edmite Vertical podr\u00e1 utilizar un sistema de seguimiento mediante la utilizaci\u00f3n de cookies (las &#8220;Cookies&#8221;). Las Cookies son peque\u00f1os archivos que se instalan en el disco r\u00edgido, con una duraci\u00f3n limitada en el tiempo que ayudan a personalizar los servicios. Tambi\u00e9n ofrecemos ciertas funcionalidades que s\u00f3lo est\u00e1n disponibles mediante el empleo de Cookies. Las Cookies se utilizan con el fin de conocer los intereses, el comportamiento y la demograf\u00eda de quienes visitan o son visitantes de nuestro sitio web y de esa forma, comprender mejor las necesidades e intereses del Usuario y darle un mejor servicio o proveerle informaci\u00f3n relacionada. Tambi\u00e9n usaremos la informaci\u00f3n obtenida por intermedio de las Cookies para analizar las p\u00e1ginas navegadas por el visitante o Usuario, las b\u00fasquedas realizadas, mejorar nuestras iniciativas comerciales y promocionales, mostrar publicidad o promociones, banners de inter\u00e9s, noticias sobre L\u00edmite Vertical, perfeccionar nuestra oferta de contenidos y art\u00edculos, personalizar dichos contenidos, presentaci\u00f3n y servicios. Adicionalmente L\u00edmite Vertical utiliza las Cookies para que el Usuario no tenga que introducir su clave tan frecuentemente durante una sesi\u00f3n de navegaci\u00f3n, tambi\u00e9n para contabilizar y corroborar las registraciones, la actividad del Usuario y otros conceptos y acuerdos comerciales, siempre teniendo como objetivo de la instalaci\u00f3n de las Cookies, el beneficio del Usuario que la recibe, y no ser\u00e1 usado con otros fines ajenos a L\u00edmite Vertical. Se establece que la instalaci\u00f3n, permanencia y existencia de las Cookies en el computador del Usuario o del visitante depende de su exclusiva voluntad y puede ser eliminada de su computador cuando as\u00ed lo desee. Para saber c\u00f3mo quitar las Cookies del sistema es necesario revisar la secci\u00f3n Ayuda del navegador. Tambi\u00e9n, se pueden encontrar Cookies u otros sistemas similares instalados por terceros en ciertas p\u00e1ginas de nuestro sitio web. L\u00edmite Vertical no controla el uso de Cookies por terceros.<br \/>\n<span style=\"color: #3e3061;\"><strong>8. Referir a un amigo<\/strong><\/span><br \/>\nDe acuerdo las Pol\u00edticas de Privacidad, L\u00edmite Vertical toma los recaudos necesarios para evitar el env\u00edo no solicitado de e-mails. Adem\u00e1s L\u00edmite Vertical y el Usuario no aceptan el &#8220;spamming&#8221; o env\u00edo no solicitado de correos electr\u00f3nicos. Por ello se establece que est\u00e1 absolutamente prohibida la utilizaci\u00f3n del servicio &#8220;Referencia a un amigo&#8221; con fines de spam, o env\u00edo indiscriminado de mensajes de cualquier naturaleza por correo electr\u00f3nico, con cualquier finalidad que esto se realice.<br \/>\n<span style=\"color: #3e3061;\"><strong>9. E-mails<\/strong><\/span><br \/>\nPodemos enviarle e-mails con los siguientes prop\u00f3sitos:<br \/>\na) Como parte del Servicio. Por ejemplo, le enviaremos (o podr\u00edamos enviarle) e-mails en las siguientes circunstancias:<br \/>\n\u00b7 Luego de la registraci\u00f3n, notific\u00e1ndole los datos de su cuenta;<br \/>\n\u00b7 E-mails con recordatorios de los servicios que ofrecemos (especialmente aquellos que aun no haya utilizado o no haya utilizado en un tiempo considerable); y<br \/>\n\u00b7 Para enviar informaci\u00f3n sobre los productos que haya pedido.<br \/>\nb) Como parte de un Newsletter.<br \/>\nc) Como e-mails promocionales.<br \/>\nd) Para ofrecer servicios relacionados.<br \/>\nDe todas maneras, en cada uno de los e-mails que enviemos siempre ofreceremos la posibilidad de desuscribirse (opt-out) para dejar de recibir e-mails en el futuro.<br \/>\nEl Usuario s\u00f3lo debe seguir el v\u00ednculo &#8220;desuscribirte del newsletter&#8221; que se encuentra al final de todos los correos diarios que recibas.<br \/>\n<span style=\"color: #3e3061;\"><strong>10. Seguridad y almacenamiento<\/strong><\/span><br \/>\nEmpleamos diversas t\u00e9cnicas de seguridad para proteger tales datos de accesos no autorizados por visitantes del sitio web, dentro o fuera de L\u00edmite Vertical. Sin embargo, es necesario tener en cuenta que la seguridad perfecta no existe en Internet. Por ello, L\u00edmite Vertical no se hace responsable por interceptaciones ilegales o violaci\u00f3n de sus sistemas o bases de datos por parte de personas no autorizadas. L\u00edmite Vertical, tampoco se hace responsable por el uso indebido de la informaci\u00f3n obtenida por esos medios.<br \/>\nL\u00edmite Vertical conservar\u00e1 su informaci\u00f3n personal por el t\u00e9rmino necesario para el cumplimiento de las finalidades descriptas en la presente Pol\u00edtica de Privacidad y las obligaciones legales. La informaci\u00f3n personal que se recabe a trav\u00e9s del Portal ser\u00e1 destruida cuando haya dejado de ser necesaria o pertinente a los fines para los cuales hubiesen sido recolectados, salvo que existe una obligaci\u00f3n legal de conservarlos por un t\u00e9rmino mayor.<br \/>\n<span style=\"color: #3e3061;\"><strong>11. Transferencia en circunstancias especiales<\/strong><\/span><br \/>\nL\u00edmite Vertical y sus afiliados se reservan el derecho de revelar, compartir, ceder, transferir o licenciar cualquier y toda la informaci\u00f3n relacionada con el sitio web, incluyendo IPP: a un futuro propietario, copropietario u operador del todo el sitio web, o de una sola parte del mismo, u operaci\u00f3n relacionada con una parte del mismo; o en relaci\u00f3n a una operaci\u00f3n de fusi\u00f3n, consolidaci\u00f3n o reestructuraci\u00f3n societaria, venta sustancial de nuestras acciones y\/o activos, o cualquier otra operaci\u00f3n de cambio societario, incluyendo, sin limitaci\u00f3n, actividades en el marco de procesos de estudios de diligencia debida (Due Dilligence).<br \/>\n<span style=\"color: #3e3061;\"><strong>12. Servicio al cliente<br \/>\n<\/strong><\/span>Si el Usuario tiene alguna duda o preocupaci\u00f3n podr\u00e1 contactarse con nuestro servicio al cliente: info@protecciondebalcones.com.<br \/>\n<span style=\"color: #3e3061;\"><strong>13. Modificaciones de las Pol\u00edticas de Privacidad<\/strong><\/span><br \/>\nL\u00edmite Vertical podr\u00e1 modificar en cualquier momento los T\u00e9rminos y Condiciones de estas Pol\u00edticas de Privacidad y confidencialidad. Cualquier cambio ser\u00e1 efectivo apenas sea publicado en el sitio web. Dependiendo de la naturaleza del cambio podremos anunciar el mismo a trav\u00e9s de: (a) la p\u00e1gina de inicio del sitio web, o (b) un e-mail. De todas maneras, el continuo uso de nuestro sitio web implica la aceptaci\u00f3n por parte del Usuario de los t\u00e9rminos de estas Pol\u00edticas de Privacidad. Si el Usuario no est\u00e1 de acuerdo con las Pol\u00edticas de Privacidad vigentes deber\u00e1 abstenerse de utilizar el sitio web.<br \/>\n<span style=\"color: #3e3061;\"><strong>14. Inscripci\u00f3n de la base de datos<\/strong><\/span><br \/>\nLa base de datos personales de L\u00edmite Vertical se encuentra debidamente registrada en el Registro Nacional de Bases de Datos, dentro del marco de la Direcci\u00f3n Nacional de Protecci\u00f3n de Datos Personales. La direcci\u00f3n web de dicho organismo es: www.jus.gov.fix\/datospersonales.<br \/>\nLimite Vertical S.R.L., C.U.I.T. 30-71180324-2, con domicilio en Victor Hugo 1642 PB 1- 1408, Ciudad Aut\u00f3noma de Buenos Aires<\/p>\n<p>&nbsp;<\/p>\n<p><div class=\"fusion-fullwidth fullwidth-box fusion-builder-row-1 hundred-percent-fullwidth non-hundred-percent-height-scrolling\" style=\"background-color: rgba(255,255,255,0);background-position: center center;background-repeat: no-repeat;padding-top:0px;padding-right:0px;padding-bottom:0px;padding-left:0px;margin-bottom: 0px;margin-top: 10px;border-width: 0px 0px 0px 0px;border-color:#eae9e9;border-style:solid;\" ><div class=\"fusion-builder-row fusion-row\"><div class=\"fusion-layout-column fusion_builder_column fusion-builder-column-0 fusion_builder_column_1_1 1_1 fusion-one-full fusion-column-first fusion-column-last fusion-column-no-min-height\" style=\"margin-top:0px;margin-bottom:0px;\"><div class=\"fusion-column-wrapper fusion-flex-column-wrapper-legacy\" style=\"background-position:left top;background-repeat:no-repeat;-webkit-background-size:cover;-moz-background-size:cover;-o-background-size:cover;background-size:cover;padding: 0px 0px 0px 0px;\"><div class=\"fusion-sep-clear\"><\/div><div class=\"fusion-separator fusion-full-width-sep\" style=\"margin-left: auto;margin-right: auto;width:100%;\"><div class=\"fusion-separator-border sep-shadow\" style=\"background:radial-gradient(ellipse at 50% -50% , #ffa200 0px, rgba(255, 255, 255, 0) 80%) repeat scroll 0 0 rgba(0, 0, 0, 0);background:-webkit-radial-gradient(ellipse at 50% -50% , #ffa200 0px, rgba(255, 255, 255, 0) 80%) repeat scroll 0 0 rgba(0, 0, 0, 0);background:-moz-radial-gradient(ellipse at 50% -50% , #ffa200 0px, rgba(255, 255, 255, 0) 80%) repeat scroll 0 0 rgba(0, 0, 0, 0);background:-o-radial-gradient(ellipse at 50% -50% , #ffa200 0px, rgba(255, 255, 255, 0) 80%) repeat scroll 0 0 rgba(0, 0, 0, 0);\"><\/div><\/div><div class=\"fusion-sep-clear\"><\/div>\n<p>&nbsp;<\/p>\n<p>Pago con tarjetas de cr\u00e9dito:<img decoding=\"async\" src=\"https:\/\/protecciondebalcones.com\/images\/tarj_01.png\" alt=\"\" width=\"313\" height=\"36\"> o en cualquier sucursal de <img decoding=\"async\" src=\"https:\/\/protecciondebalcones.com\/images\/tarj_03.png\" alt=\"\" width=\"36\" height=\"36\"> <img decoding=\"async\" class=\"alignnone size-full wp-image-4989\" src=\"https:\/\/www.protecciondebalcones.com\/site\/wp-content\/uploads\/logo-sodimac.jpg\" alt=\"\" width=\"36\" height=\"36\"> D\u00e9bito:<img decoding=\"async\" src=\"https:\/\/protecciondebalcones.com\/images\/tarj_02.png\" alt=\"\" width=\"112\" height=\"28\"><\/p>\n<div class=\"fusion-clearfix\"><\/div><\/div><\/div><\/div><style type=\"text\/css\">.fusion-fullwidth.fusion-builder-row-1 { overflow:visible; }<\/style><\/div><div class=\"fusion-fullwidth fullwidth-box fusion-builder-row-2 hundred-percent-fullwidth non-hundred-percent-height-scrolling\" style=\"background-color: rgba(255,255,255,0);background-position: center center;background-repeat: no-repeat;padding-top:0px;padding-right:0px;padding-bottom:0px;padding-left:0px;margin-bottom: 0px;margin-top: 50px;border-width: 0px 0px 0px 0px;border-color:#eae9e9;border-style:solid;\" ><div class=\"fusion-builder-row fusion-row\"><div class=\"fusion-layout-column fusion_builder_column fusion-builder-column-1 fusion_builder_column_1_1 1_1 fusion-one-full fusion-column-first fusion-column-last fusion-column-no-min-height\" style=\"margin-top:0px;margin-bottom:0px;\"><div class=\"fusion-column-wrapper fusion-flex-column-wrapper-legacy\" style=\"background-position:left top;background-repeat:no-repeat;-webkit-background-size:cover;-moz-background-size:cover;-o-background-size:cover;background-size:cover;padding: 0px 0px 0px 0px;\"><div class=\"fusion-sep-clear\"><\/div><div class=\"fusion-separator fusion-full-width-sep\" style=\"margin-left: auto;margin-right: auto;width:100%;\"><\/div><div class=\"fusion-sep-clear\"><\/div><div class=\"fusion-clearfix\"><\/div><\/div><\/div><\/div><style type=\"text\/css\">.fusion-fullwidth.fusion-builder-row-2 { overflow:visible; }<\/style><\/div><\/p>\n","protected":false},"excerpt":{"rendered":"<p>Protegemos su informaci\u00f3n y datos personales Limite Vertical S.R.L. (en adelante \u201cL\u00edmite Vertical\u201d), en virtud de su actividad comercial, recoger\u00e1, almacenar\u00e1 y, en algunos casos, comunicar\u00e1 informaci\u00f3n sobre los usuarios de su sitio web (en adelante los \u201cUsuarios\u201d). 1. Protegi\u00e9ndolo L\u00edmite Vertical se compromete a proteger la privacidad de la informaci\u00f3n y datos personales de los Usuarios. En el presente documento se describe la informaci\u00f3n que L\u00edmite Vertical recoge sobre sus Usuarios y lo que puede ocurrir con dicha informaci\u00f3n (en adelante las \u201cPol\u00edticas de Privacidad\u201d). Si no est\u00e1 de acuerdo con las Pol\u00edticas de Privacidad, por favor no utilice este sitio web. Nuestras Pol\u00edticas de Privacidad aseguran al Usuario que cualquier informaci\u00f3n que se provea ser\u00e1 mantenida en forma privada y segura. Para dar fe de esto, las Pol\u00edticas de Privacidad describen los detalles la informaci\u00f3n que se recaba y la manera en que se utiliza. Nunca se recolectar\u00e1 informaci\u00f3n sin consentimiento expreso del Usuario. 2. La informaci\u00f3n que recabamos L\u00edmite Vertical recaba informaci\u00f3n de identificaci\u00f3n personal (\u201cIIP\u201d), la cual se cede voluntariamente durante el proceso de registraci\u00f3n o en respuesta a ciertos requerimientos. L\u00edmite Vertical tambi\u00e9n podr\u00e1 recabar su direcci\u00f3n de IP (Internet Protocol) para ayudar a diagnosticar problemas con nuestro servidor, y para administrar el sitio web. Una direcci\u00f3n de IP es un n\u00famero que se le asigna a su computadora cuando usa internet. Su direcci\u00f3n de IP tambi\u00e9n es utilizada para ayudar a identificarle dentro de una sesi\u00f3n particular y para recolectar informaci\u00f3n demogr\u00e1fica general. L\u00edmite Vertical podr\u00e1 solicitarle al Usuario su e-mail durante la utilizaci\u00f3n del sitio web. Adem\u00e1s, para utilizar la \u201cTienda on Oline\u201d se podr\u00e1 solicitar la siguiente informaci\u00f3n: nombre y apellido, domicilio, direcci\u00f3n de e-mail, fecha de [&hellip;]<\/p>\n","protected":false},"author":1,"featured_media":0,"parent":0,"menu_order":0,"comment_status":"closed","ping_status":"closed","template":"","meta":[],"_links":{"self":[{"href":"https:\/\/www.protecciondebalcones.com\/site\/wp-json\/wp\/v2\/pages\/5120"}],"collection":[{"href":"https:\/\/www.protecciondebalcones.com\/site\/wp-json\/wp\/v2\/pages"}],"about":[{"href":"https:\/\/www.protecciondebalcones.com\/site\/wp-json\/wp\/v2\/types\/page"}],"author":[{"embeddable":true,"href":"https:\/\/www.protecciondebalcones.com\/site\/wp-json\/wp\/v2\/users\/1"}],"replies":[{"embeddable":true,"href":"https:\/\/www.protecciondebalcones.com\/site\/wp-json\/wp\/v2\/comments?post=5120"}],"version-history":[{"count":16,"href":"https:\/\/www.protecciondebalcones.com\/site\/wp-json\/wp\/v2\/pages\/5120\/revisions"}],"predecessor-version":[{"id":5274,"href":"https:\/\/www.protecciondebalcones.com\/site\/wp-json\/wp\/v2\/pages\/5120\/revisions\/5274"}],"wp:attachment":[{"href":"https:\/\/www.protecciondebalcones.com\/site\/wp-json\/wp\/v2\/media?parent=5120"}],"curies":[{"name":"wp","href":"https:\/\/api.w.org\/{rel}","templated":true}]}}